{"id":2610,"date":"2017-02-07T19:02:35","date_gmt":"2017-02-07T19:02:35","guid":{"rendered":"http:\/\/arrierescene.com\/news\/"},"modified":"2022-11-09T14:45:33","modified_gmt":"2022-11-09T14:45:33","slug":"presse","status":"publish","type":"page","link":"https:\/\/stephanetetreault.com\/fr\/presse\/","title":{"rendered":"Presse"},"content":{"rendered":"","protected":false},"excerpt":{"rendered":"","protected":false},"author":3,"featured_media":0,"parent":0,"menu_order":0,"comment_status":"closed","ping_status":"closed","template":"page-templates\/blog-grid.php","meta":{"inline_featured_image":false,"footnotes":""},"class_list":["post-2610","page","type-page","status-publish","hentry"],"yoast_head":"<!-- This site is optimized with the Yoast SEO plugin v27.2 - https:\/\/yoast.com\/product\/yoast-seo-wordpress\/ -->\n<title>Presse - St\u00e9phane T\u00e9treault violoncelliste<\/title>\n<meta name=\"description\" content=\"Articles de journaux, entrevus, critiques de concerts et autres nouvelles sur le violoncelliste canadien St\u00e9phane T\u00e9treault\" \/>\n<meta name=\"robots\" content=\"index, follow, max-snippet:-1, max-image-preview:large, max-video-preview:-1\" \/>\n<link rel=\"canonical\" href=\"https:\/\/stephanetetreault.com\/fr\/presse\/\" \/>\n<meta property=\"og:locale\" content=\"fr_FR\" \/>\n<meta property=\"og:type\" content=\"article\" \/>\n<meta property=\"og:title\" content=\"St\u00e9phane T\u00e9treault - nouvelles\" \/>\n<meta property=\"og:description\" content=\"Articles de journaux, entrevus, critiques de concerts et autres nouvelles sur le violoncelliste canadien St\u00e9phane T\u00e9treault\" \/>\n<meta property=\"og:url\" content=\"https:\/\/stephanetetreault.com\/fr\/presse\/\" \/>\n<meta property=\"og:site_name\" content=\"St\u00e9phane T\u00e9treault violoncelliste\" \/>\n<meta property=\"article:publisher\" content=\"https:\/\/www.facebook.com\/stephanecello\" \/>\n<meta property=\"article:modified_time\" content=\"2022-11-09T14:45:33+00:00\" \/>\n<meta property=\"og:image\" content=\"https:\/\/stephanetetreault.com\/wp-content\/uploads\/2016\/11\/banner_2.jpg\" \/>\n\t<meta property=\"og:image:width\" content=\"960\" \/>\n\t<meta property=\"og:image:height\" content=\"540\" \/>\n\t<meta property=\"og:image:type\" content=\"image\/jpeg\" \/>\n<meta name=\"twitter:card\" content=\"summary_large_image\" \/>\n<meta name=\"twitter:site\" content=\"@stephanecello\" \/>\n<script type=\"application\/ld+json\" class=\"yoast-schema-graph\">{\"@context\":\"https:\/\/schema.org\",\"@graph\":[{\"@type\":\"WebPage\",\"@id\":\"https:\/\/stephanetetreault.com\/fr\/presse\/\",\"url\":\"https:\/\/stephanetetreault.com\/fr\/presse\/\",\"name\":\"Presse - St\u00e9phane T\u00e9treault violoncelliste\",\"isPartOf\":{\"@id\":\"https:\/\/stephanetetreault.com\/fr\/#website\"},\"datePublished\":\"2017-02-07T19:02:35+00:00\",\"dateModified\":\"2022-11-09T14:45:33+00:00\",\"description\":\"Articles de journaux, entrevus, critiques de concerts et autres nouvelles sur le violoncelliste canadien St\u00e9phane T\u00e9treault\",\"breadcrumb\":{\"@id\":\"https:\/\/stephanetetreault.com\/fr\/presse\/#breadcrumb\"},\"inLanguage\":\"fr-FR\",\"potentialAction\":[{\"@type\":\"ReadAction\",\"target\":[\"https:\/\/stephanetetreault.com\/fr\/presse\/\"]}]},{\"@type\":\"BreadcrumbList\",\"@id\":\"https:\/\/stephanetetreault.com\/fr\/presse\/#breadcrumb\",\"itemListElement\":[{\"@type\":\"ListItem\",\"position\":1,\"name\":\"Home\",\"item\":\"https:\/\/stephanetetreault.com\/fr\/\"},{\"@type\":\"ListItem\",\"position\":2,\"name\":\"Presse\"}]},{\"@type\":\"WebSite\",\"@id\":\"https:\/\/stephanetetreault.com\/fr\/#website\",\"url\":\"https:\/\/stephanetetreault.com\/fr\/\",\"name\":\"St\u00e9phane T\u00e9treault violoncelliste\",\"description\":\"Violoncelliste canadien St\u00e9phane T\u00e9treault\",\"publisher\":{\"@id\":\"https:\/\/stephanetetreault.com\/fr\/#organization\"},\"potentialAction\":[{\"@type\":\"SearchAction\",\"target\":{\"@type\":\"EntryPoint\",\"urlTemplate\":\"https:\/\/stephanetetreault.com\/fr\/?s={search_term_string}\"},\"query-input\":{\"@type\":\"PropertyValueSpecification\",\"valueRequired\":true,\"valueName\":\"search_term_string\"}}],\"inLanguage\":\"fr-FR\"},{\"@type\":\"Organization\",\"@id\":\"https:\/\/stephanetetreault.com\/fr\/#organization\",\"name\":\"Stephane Tetreault\",\"url\":\"https:\/\/stephanetetreault.com\/fr\/\",\"logo\":{\"@type\":\"ImageObject\",\"inLanguage\":\"fr-FR\",\"@id\":\"https:\/\/stephanetetreault.com\/fr\/#\/schema\/logo\/image\/\",\"url\":\"https:\/\/stephanetetreault.com\/wp-content\/uploads\/2017\/06\/cropped-favicon_2.png\",\"contentUrl\":\"https:\/\/stephanetetreault.com\/wp-content\/uploads\/2017\/06\/cropped-favicon_2.png\",\"width\":512,\"height\":512,\"caption\":\"Stephane Tetreault\"},\"image\":{\"@id\":\"https:\/\/stephanetetreault.com\/fr\/#\/schema\/logo\/image\/\"},\"sameAs\":[\"https:\/\/www.facebook.com\/stephanecello\",\"https:\/\/x.com\/stephanecello\",\"https:\/\/www.instagram.com\/stephanecello\",\"https:\/\/www.youtube.com\/user\/CapriccioMusic\/\"]}]}<\/script>\n<!-- \/ Yoast SEO plugin. -->","yoast_head_json":{"title":"Presse - St\u00e9phane T\u00e9treault violoncelliste","description":"Articles de journaux, entrevus, critiques de concerts et autres nouvelles sur le violoncelliste canadien St\u00e9phane T\u00e9treault","robots":{"index":"index","follow":"follow","max-snippet":"max-snippet:-1","max-image-preview":"max-image-preview:large","max-video-preview":"max-video-preview:-1"},"canonical":"https:\/\/stephanetetreault.com\/fr\/presse\/","og_locale":"fr_FR","og_type":"article","og_title":"St\u00e9phane T\u00e9treault - nouvelles","og_description":"Articles de journaux, entrevus, critiques de concerts et autres nouvelles sur le violoncelliste canadien St\u00e9phane T\u00e9treault","og_url":"https:\/\/stephanetetreault.com\/fr\/presse\/","og_site_name":"St\u00e9phane T\u00e9treault violoncelliste","article_publisher":"https:\/\/www.facebook.com\/stephanecello","article_modified_time":"2022-11-09T14:45:33+00:00","og_image":[{"width":960,"height":540,"url":"https:\/\/stephanetetreault.com\/wp-content\/uploads\/2016\/11\/banner_2.jpg","type":"image\/jpeg"}],"twitter_card":"summary_large_image","twitter_site":"@stephanecello","schema":{"@context":"https:\/\/schema.org","@graph":[{"@type":"WebPage","@id":"https:\/\/stephanetetreault.com\/fr\/presse\/","url":"https:\/\/stephanetetreault.com\/fr\/presse\/","name":"Presse - St\u00e9phane T\u00e9treault violoncelliste","isPartOf":{"@id":"https:\/\/stephanetetreault.com\/fr\/#website"},"datePublished":"2017-02-07T19:02:35+00:00","dateModified":"2022-11-09T14:45:33+00:00","description":"Articles de journaux, entrevus, critiques de concerts et autres nouvelles sur le violoncelliste canadien St\u00e9phane T\u00e9treault","breadcrumb":{"@id":"https:\/\/stephanetetreault.com\/fr\/presse\/#breadcrumb"},"inLanguage":"fr-FR","potentialAction":[{"@type":"ReadAction","target":["https:\/\/stephanetetreault.com\/fr\/presse\/"]}]},{"@type":"BreadcrumbList","@id":"https:\/\/stephanetetreault.com\/fr\/presse\/#breadcrumb","itemListElement":[{"@type":"ListItem","position":1,"name":"Home","item":"https:\/\/stephanetetreault.com\/fr\/"},{"@type":"ListItem","position":2,"name":"Presse"}]},{"@type":"WebSite","@id":"https:\/\/stephanetetreault.com\/fr\/#website","url":"https:\/\/stephanetetreault.com\/fr\/","name":"St\u00e9phane T\u00e9treault violoncelliste","description":"Violoncelliste canadien St\u00e9phane T\u00e9treault","publisher":{"@id":"https:\/\/stephanetetreault.com\/fr\/#organization"},"potentialAction":[{"@type":"SearchAction","target":{"@type":"EntryPoint","urlTemplate":"https:\/\/stephanetetreault.com\/fr\/?s={search_term_string}"},"query-input":{"@type":"PropertyValueSpecification","valueRequired":true,"valueName":"search_term_string"}}],"inLanguage":"fr-FR"},{"@type":"Organization","@id":"https:\/\/stephanetetreault.com\/fr\/#organization","name":"Stephane Tetreault","url":"https:\/\/stephanetetreault.com\/fr\/","logo":{"@type":"ImageObject","inLanguage":"fr-FR","@id":"https:\/\/stephanetetreault.com\/fr\/#\/schema\/logo\/image\/","url":"https:\/\/stephanetetreault.com\/wp-content\/uploads\/2017\/06\/cropped-favicon_2.png","contentUrl":"https:\/\/stephanetetreault.com\/wp-content\/uploads\/2017\/06\/cropped-favicon_2.png","width":512,"height":512,"caption":"Stephane Tetreault"},"image":{"@id":"https:\/\/stephanetetreault.com\/fr\/#\/schema\/logo\/image\/"},"sameAs":["https:\/\/www.facebook.com\/stephanecello","https:\/\/x.com\/stephanecello","https:\/\/www.instagram.com\/stephanecello","https:\/\/www.youtube.com\/user\/CapriccioMusic\/"]}]}},"_links":{"self":[{"href":"https:\/\/stephanetetreault.com\/fr\/wp-json\/wp\/v2\/pages\/2610","targetHints":{"allow":["GET"]}}],"collection":[{"href":"https:\/\/stephanetetreault.com\/fr\/wp-json\/wp\/v2\/pages"}],"about":[{"href":"https:\/\/stephanetetreault.com\/fr\/wp-json\/wp\/v2\/types\/page"}],"author":[{"embeddable":true,"href":"https:\/\/stephanetetreault.com\/fr\/wp-json\/wp\/v2\/users\/3"}],"replies":[{"embeddable":true,"href":"https:\/\/stephanetetreault.com\/fr\/wp-json\/wp\/v2\/comments?post=2610"}],"version-history":[{"count":1,"href":"https:\/\/stephanetetreault.com\/fr\/wp-json\/wp\/v2\/pages\/2610\/revisions"}],"predecessor-version":[{"id":6490,"href":"https:\/\/stephanetetreault.com\/fr\/wp-json\/wp\/v2\/pages\/2610\/revisions\/6490"}],"wp:attachment":[{"href":"https:\/\/stephanetetreault.com\/fr\/wp-json\/wp\/v2\/media?parent=2610"}],"curies":[{"name":"wp","href":"https:\/\/api.w.org\/{rel}","templated":true}]}}