{"id":2743,"date":"2016-11-03T18:37:10","date_gmt":"2016-11-03T18:37:10","guid":{"rendered":"http:\/\/arrierescene.com\/repertoire\/"},"modified":"2021-07-21T20:51:55","modified_gmt":"2021-07-21T20:51:55","slug":"repertoire","status":"publish","type":"page","link":"https:\/\/stephanetetreault.com\/fr\/repertoire\/","title":{"rendered":"R\u00e9pertoire"},"content":{"rendered":"<div class=\"wpb-content-wrapper\"><p>[vc_row full_width=\u00a0\u00bbstretch_row\u00a0\u00bb css=\u00a0\u00bb.vc_custom_1497650173956{padding-top: 100px !important;padding-bottom: 50px !important;}\u00a0\u00bb][vc_column][vc_tta_tabs shape=\u00a0\u00bbsquare\u00a0\u00bb color=\u00a0\u00bbblack\u00a0\u00bb gap=\u00a0\u00bb5&Prime; active_section=\u00a0\u00bb1&Prime; no_fill_content_area=\u00a0\u00bbtrue\u00a0\u00bb el_class=\u00a0\u00bbrepertoire_taps\u00a0\u00bb][vc_tta_section title=\u00a0\u00bbConcertos\u00a0\u00bb tab_id=\u00a0\u00bbconcertos\u00a0\u00bb][vc_row_inner][vc_column_inner width=\u00a0\u00bb1\/2&Prime; css=\u00a0\u00bb.vc_custom_1626899949477{margin-top: 50px !important;}\u00a0\u00bb][vc_column_text]<strong>Samuel Barber<\/strong>\u00a0(1910 \u2013 1981)<br \/>\nConcerto en la mineur, opus 22<\/p>\n<p><strong>Ludwig van Beethoven<\/strong>\u00a0(1770 \u2013 1827)<br \/>\nConcerto pour violon, violoncelle et piano en do majeur, opus 56<em> (Triple Concerto)<\/em><\/p>\n<p><strong>Johannes Brahms<\/strong> (1833 \u2013 1897)<br \/>\nDouble Concerto en la mineur, opus 102<\/p>\n<p><strong>Luigi Boccherini<\/strong>\u00a0(1743 \u2013 1805)<br \/>\nConcerto en si b\u00e9mol majeur, G. 482<\/p>\n<p><strong>Benjamin Britten<\/strong> (1913 \u2013 1976)<br \/>\nSymphonie pour violoncelle, opus 68<\/p>\n<p><strong>Anton\u00edn Dvo\u0159\u00e1k<\/strong> (1841 \u2013 1904)<br \/>\nConcerto en si mineur, opus 104, B. 191<\/p>\n<p><strong>Karl Davidov<\/strong> (1838 \u2013 1889)<br \/>\nConcerto n\u00b0 2 en la majeur, opus 14<br \/>\nConcerto n\u00b0 4 en mi mineur, opus 31<\/p>\n<p><strong>Edward Elgar<\/strong> (1857 \u2013 1934)<br \/>\nConcerto en mi mineur, opus 85<\/p>\n<p><strong>Franz Joseph Haydn<\/strong> (1732 \u2013 1809)<br \/>\nConcerto n\u00b0 1 en do majeur, Hob. VIIb\/1<br \/>\nConcerto n\u00b0 2 en r\u00e9 majeur, Hob. VIIb\/2<\/p>\n<p><strong>Denis Gougeon<\/strong> (1951 \u2013)<br \/>\nConcerto pour violoncelle et orchestre (Cr\u00e9ation)<\/p>\n<p><strong>Airat Ichmouratov<\/strong> (1973 \u2013)<br \/>\nConcerto n\u00b0 1 pour violoncelle, cordes et percussions, opus 18<br \/>\nConcerto n\u00b0 2 pour violoncelle et orchestre (Cr\u00e9ation)[\/vc_column_text][\/vc_column_inner][vc_column_inner width=\u00a0\u00bb1\/2&Prime; css=\u00a0\u00bb.vc_custom_1626899955768{margin-top: 50px !important;}\u00a0\u00bb][vc_column_text]<strong>Aram Khachaturian<\/strong> (1903 \u2013 1978)<br \/>\nConcerto en mi mineur<\/p>\n<p><strong>\u00c9douard Lalo<\/strong> (1823 \u2013 1892)<br \/>\nConcerto en r\u00e9 mineur<\/p>\n<p><strong>Albert Roussel<\/strong> (1869 \u2013 1937)<br \/>\nConcertino pour violoncelle et orchestre, opus 57<\/p>\n<p><strong>Camille Saint-Sa\u00ebns<\/strong> (1835 \u2013 1921)<br \/>\nConcerto n\u00b0 1 en la mineur, opus 33<\/p>\n<p><strong>Robert Schumann<\/strong> (1810 \u2013 1856)<br \/>\nConcerto en la mineur, opus 129<\/p>\n<p><strong>Dmitri Shostakovich<\/strong> (1906 \u2013 1975)<br \/>\nConcerto n\u00b0 1 en mi b\u00e9mol majeur, opus 107<br \/>\nConcerto n\u00b0 2 en sol majeur, opus 126<\/p>\n<p><strong>Richard Strauss<\/strong> (1864 \u2013 1949)<br \/>\n<em>Don Quixotte<\/em>, opus 35<\/p>\n<p><strong>P. I. Tchaikovsky<\/strong> (1840 \u2013 1893)<br \/>\nVariations sur un th\u00e8me rococo, opus 33<\/p>\n<p><strong>P\u0113teris Vasks<\/strong> (1949 \u2013)<br \/>\nConcerto n\u00b0 2 &lsquo;Klatbutne\/Presence&rsquo;<\/p>\n<p><strong>Antonio Vivaldi<\/strong> (1678 \u2013 1741)<br \/>\nConcerto en sol majeur, RV 413<br \/>\nConcerto en si mineur, RV 424<br \/>\nConcerto pour deux violoncelles, RV 531<br \/>\nConcerto pour violon et violoncelle, RV 547[\/vc_column_text][\/vc_column_inner][\/vc_row_inner][\/vc_tta_section][vc_tta_section title=\u00a0\u00bbSonates\u00a0\u00bb tab_id=\u00a0\u00bbsonatas\u00a0\u00bb][vc_row_inner][vc_column_inner width=\u00a0\u00bb1\/2&Prime; css=\u00a0\u00bb.vc_custom_1626899965727{margin-top: 50px !important;}\u00a0\u00bb][vc_column_text]<strong>Ludwig van Beethoven<\/strong> (1770 \u2013 1827)<br \/>\nSonate n\u00b0 1 en fa majeur, opus 5, n\u00b0 1<br \/>\nSonate n\u00b0 2 en sol mineur, opus 5, n\u00b0 2<br \/>\nSonate n\u00b0 3 en la majeur, opus 69<br \/>\nSonate n\u00b0 4 en do majeur, opus 102, n\u00b0 1<br \/>\nSonate n\u00b0 5 en r\u00e9 majeur, opus 102, n\u00b0 2<\/p>\n<p><strong>Johannes Brahms<\/strong> (1833 \u2013 1897)<br \/>\nSonate n\u00b0 1 en mi mineur, opus 38<br \/>\nSonate n\u00b0 2 en fa majeur, opus 99<br \/>\nSonate en r\u00e9 majeur, opus 78<br \/>\n<em>(trans. de la sonate pour violon n\u00b0 1 en sol majeur)<\/em><\/p>\n<p><strong>Jean-Baptiste Br\u00e9val<\/strong> (1753 \u2013 1823)<br \/>\nSonate en sol majeur<\/p>\n<p><strong>Fr\u00e9d\u00e9ric Chopin<\/strong> (1810 \u2013 1849)<br \/>\nSonate en sol mineur, opus 65<\/p>\n<p><strong>Claude Debussy<\/strong> (1862 \u2013 1918)<br \/>\nSonate en r\u00e9 mineur[\/vc_column_text][\/vc_column_inner][vc_column_inner width=\u00a0\u00bb1\/2&Prime; css=\u00a0\u00bb.vc_custom_1626899983397{margin-top: 50px !important;}\u00a0\u00bb][vc_column_text]<strong>C\u00e9sar Franck<\/strong> (1903 \u2013 1978)<br \/>\nSonate pour violon et piano<br \/>\n<em>(trans. pour violoncelle et piano par J. Delsart)<\/em><\/p>\n<p><strong>Sergei Prokofiev<\/strong> (1891 \u2013 1953)<br \/>\nSonate en do majeur, opus 119<\/p>\n<p><strong>Sergei Rachmaninov<\/strong> (1873 \u2013 1943)<br \/>\nSonate en sol mineur, opus 19<\/p>\n<p><strong>Maurice Ravel<\/strong> (1875 \u2013 1937)<br \/>\nSonate pour violon et violoncelle<\/p>\n<p><strong>Franz Schubert<\/strong> (1840 \u2013 1893)<br \/>\n<em>Sonate en la mineur \u00ab Arpeggione \u00bb,<\/em>\u00a0D. 821<\/p>\n<p><strong>Camille Saint-Sa\u00ebns<\/strong> (1835 \u2013 1921)<br \/>\nSonate pour violoncelle n<em>\u00b0<\/em> 1 en ut mineur, opus 32<\/p>\n<p><strong>Dmitri Shostakovich<\/strong> (1906 \u2013 1975)<br \/>\nSonate en r\u00e9 mineur, opus 40[\/vc_column_text][\/vc_column_inner][\/vc_row_inner][\/vc_tta_section][vc_tta_section title=\u00a0\u00bbPi\u00e8ces\u00a0\u00bb tab_id=\u00a0\u00bbpieces\u00a0\u00bb][vc_row_inner][vc_column_inner width=\u00a0\u00bb1\/2&Prime; css=\u00a0\u00bb.vc_custom_1626899992702{margin-top: 50px !important;}\u00a0\u00bb][vc_column_text]<strong>Isaac Alb\u00e9niz<\/strong> (1860 \u2013 1909)<br \/>\nMalague\u00f1a<\/p>\n<p><strong>Ludwig van Beethoven<\/strong> (1770 \u2013 1827)<br \/>\n7 variations sur un th\u00e8me de \u00ab La Fl\u00fbte enchant\u00e9e \u00bb de Mozart<\/p>\n<p><strong>Ernest Bloch<\/strong> (1880 \u2013 1959)<br \/>\n<em>From Jewish Life<\/em><\/p>\n<p><strong>Fr\u00e9d\u00e9ric Chopin<\/strong> (1810 \u2013 1849)<br \/>\n<em>Nocturne<\/em> en mi b\u00e9mol majeur, opus 9, n\u00b0 2<\/p>\n<p><strong>Manuel de Falla<\/strong> (1876 \u2013 1946)<br \/>\nDanza ritual del fuego (Ritual Fire Dance)<br \/>\nSiete canciones populares espa\u00f1olas (<em>Sept chansons populaires espagnoles<\/em>)<\/p>\n<p><strong>Anton\u00edn Dvo\u0159\u00e1k<\/strong> (1841 \u2013 1904)<br \/>\n<em>Rondo<\/em> en sol mineur, opus 94, B. 171<br \/>\n<em>Silent Woods<\/em>\u00a0pour violoncelle et piano, B.173<\/p>\n<p><strong>Alexandre Glazounov<\/strong> (1865 \u2013 1936)<br \/>\n<em>S\u00e9r\u00e9nade espagnole,<\/em> opus 20, n\u00b0 2<br \/>\n<em>Chant du m\u00e9nestrel<\/em>, opus 71<\/p>\n<p><strong>Enrique Granados<\/strong> (1867 \u2013 1916)<br \/>\nIntermezzo<\/p>\n<p><strong>Marc-Andr\u00e9 Hamelin<\/strong> (1961 \u2013)<br \/>\n<em>Four Perspectives<\/em> pour violoncelle et piano<\/p>\n<p><strong>Handel-Halvorsen<\/strong><br \/>\n<em>Passacaglia<\/em>\u00a0pour violoncelle et piano<\/p>\n<p><strong>Joseph Haydn<\/strong> (1732 \u2013 1809)<br \/>\nDivertimento en r\u00e9 majeur<\/p>\n<p><strong>Julius Klengel<\/strong>\u00a0(1859 \u2013 1933)<br \/>\n<em>Scherzo<\/em>\u00a0pour violoncelle et piano, opus 6<\/p>\n<p><strong>Jacques Ibert<\/strong> (1890 \u2013 1962)<br \/>\nLe petit \u00e2ne blanc (<em>The Little White Donkey<\/em>)<\/p>\n<p><strong>Zolt\u00e1n Kod\u00e1ly<\/strong> (1882 \u2013 1967)<br \/>\nDuo pour violoncelle et piano, opus 7[\/vc_column_text][\/vc_column_inner][vc_column_inner width=\u00a0\u00bb1\/2&Prime; css=\u00a0\u00bb.vc_custom_1626899998559{margin-top: 50px !important;}\u00a0\u00bb][vc_column_text]<strong>Alexina Louie<\/strong> (1949 \u2013)<br \/>\nBringing the Tiger Down From the Mountain II<\/p>\n<p><strong>Jules Massenet<\/strong> (1842 \u2013 1912)<br \/>\nM\u00e9ditation de<em> Tha\u00efs<\/em> pour violoncelle et piano<\/p>\n<p><strong>Jacques Offenbach<\/strong> (1819 \u2013 1880)<br \/>\nHarmonies des bois, opus 43, n\u00b0 2 pour violoncelle et cordes (Les Larmes de Jacqueline)<\/p>\n<p><strong>Arvo P\u00e4rt<\/strong> (1935 \u2013)<br \/>\n<em>Fratres<\/em> pour violoncelle et piano<\/p>\n<p><strong>Denis Plante<\/strong> (1972 \u2013)<br \/>\nSix pi\u00e8ces originales inspir\u00e9es des suites pour violoncelle de J.S. Bach, pour bandon\u00e9on et violoncelle <em>(Premi\u00e8re)<\/em><\/p>\n<p><strong>David Popper<\/strong> (1843 \u2013 1913)<br \/>\n<em>Elfentanz<\/em>, opus 39 (Danse des Elfes)<br \/>\n<em>Tarantella<\/em>, opus 33<br \/>\n<em>The Spinning Song<\/em>, opus 55<\/p>\n<p><strong>Nikola\u00ef Rimski-Korsakov<\/strong> (1844 \u2013 1908)<br \/>\nLe vol du bourdon<\/p>\n<p><strong>Camille Saint-Sa\u00ebns<\/strong> (1835 \u2013 1921)<br \/>\nAllegro appassionato en si mineur, opus 43<br \/>\n<em>Le cygne<\/em> (du Carnaval des animaux)<br \/>\nSuite pour violoncelle et piano, opus 16<br \/>\n<em>Souvenirs de Fr\u00e9d\u00e9gonde<\/em>, drame lyrique en 5 actes, pour violoncelle et piano<\/p>\n<p><strong>Robert Schumann<\/strong> (1810 \u2013 1856)<br \/>\nAdagio et Allegro, opus 70<br \/>\nFantasiest\u00fccke, Op. 12<br \/>\nSc\u00e8nes d\u2019enfants (<em>Kinderszenen<\/em>), opus 15, R\u00eaverie (<em>Tr\u00e4umerei<\/em>)<\/p>\n<p><strong>Rodion Shchedrin<\/strong> (1932 \u2013)<br \/>\nA la mani\u00e8re d\u2019Alb\u00e9niz (<em>In the Style of Albeniz<\/em>)<\/p>\n<p><strong>Igor Stravinsky<\/strong> (1678 \u2013 1741)<br \/>\nSuite Italienne<\/p>\n<p><strong>P. I. Tchaikovsky<\/strong> (1840 \u2013 1893)<br \/>\nPezzo Capriccioso, opus 62<br \/>\nAndante Cantabile, opus 11<\/p>\n<p><strong>Gerard Zinsstag<\/strong> (1941 \u2013)<br \/>\n<em>Mosa\u00efc<\/em> pour violoncelle et piano[\/vc_column_text][\/vc_column_inner][\/vc_row_inner][\/vc_tta_section][vc_tta_section title=\u00a0\u00bbSolo\u00a0\u00bb tab_id=\u00a0\u00bbsolo\u00a0\u00bb][vc_row_inner][vc_column_inner width=\u00a0\u00bb1\/2&Prime; css=\u00a0\u00bb.vc_custom_1626900008083{margin-top: 50px !important;}\u00a0\u00bb][vc_column_text]<strong>Johann Sebastian Bach<\/strong> (1685 \u2013 1750)<br \/>\nSuite n\u00b0 1 en sol majeur, BWV 1007<br \/>\nSuite n\u00b0 2 en r\u00e9 mineur, BWV 1008<br \/>\nSuite n\u00b0 3 en do majeur, BWV 1009<br \/>\nSuite n\u00b0 4 en mi b\u00e9mol majeur, BWV 1010<br \/>\nSuite n\u00b0 5 en do mineur, BWV 1011<br \/>\nSuite n\u00b0 6 en r\u00e9 majeur, BWV 1012<\/p>\n<p><strong>Gaspar Cassad\u00f3<\/strong> (1897 \u2013 1966)<br \/>\nSuite pour violoncelle seul[\/vc_column_text][\/vc_column_inner][vc_column_inner width=\u00a0\u00bb1\/2&Prime; css=\u00a0\u00bb.vc_custom_1626900017059{margin-top: 50px !important;}\u00a0\u00bb][vc_column_text]<strong>Nicolas Gilbert<\/strong> (1979 \u2013)<br \/>\n<em>Portrait<\/em> pour violoncelle seul<\/p>\n<p><strong>Paul Hindemith<\/strong> (1895 \u2013 1963)<br \/>\nSonate pour violoncelle seul, opus 25, n\u00b0 3<\/p>\n<p><strong>Krzysztof Penderecki<\/strong> (1933 \u2013)<br \/>\n<em>Violoncello Totale<\/em> pour violoncelle seul<\/p>\n<p><strong>\u00c9ric Tanguy<\/strong> (1968 \u2013)<br \/>\n<em>Invocation<\/em> pour violoncelle seul[\/vc_column_text][\/vc_column_inner][\/vc_row_inner][\/vc_tta_section][\/vc_tta_tabs][\/vc_column][\/vc_row]<\/p>\n<\/div>","protected":false},"excerpt":{"rendered":"<p>[vc_row full_width=\u00a0\u00bbstretch_row\u00a0\u00bb css=\u00a0\u00bb.vc_custom_1497650173956{padding-top: 100px !important;padding-bottom: 50px !important;}\u00a0\u00bb][vc_column][vc_tta_tabs shape=\u00a0\u00bbsquare\u00a0\u00bb color=\u00a0\u00bbblack\u00a0\u00bb gap=\u00a0\u00bb5&Prime; active_section=\u00a0\u00bb1&Prime; no_fill_content_area=\u00a0\u00bbtrue\u00a0\u00bb el_class=\u00a0\u00bbrepertoire_taps\u00a0\u00bb][vc_tta_section title=\u00a0\u00bbConcertos\u00a0\u00bb tab_id=\u00a0\u00bbconcertos\u00a0\u00bb][vc_row_inner][vc_column_inner width=\u00a0\u00bb1\/2&Prime; css=\u00a0\u00bb.vc_custom_1626899949477{margin-top: 50px !important;}\u00a0\u00bb][vc_column_text]Samuel Barber\u00a0(1910 \u2013 1981)<br \/>\nConcerto en la mineur, opus 22<br \/>\nLudwig van Beethoven\u00a0(1770 \u2013 1827)<br \/>\nConcerto pour violon, violoncelle et piano en do majeur, opus 56 (Triple Concerto)<br \/>\nJohannes Brahms (1833 \u2013 1897)<br \/>\nDouble Concerto en la mineur, opus 102<br \/>\nLuigi Boccherini\u00a0(1743 \u2013 [&#8230;]<\/p>\n","protected":false},"author":3,"featured_media":0,"parent":0,"menu_order":0,"comment_status":"closed","ping_status":"closed","template":"","meta":{"inline_featured_image":false,"footnotes":""},"class_list":["post-2743","page","type-page","status-publish","hentry"],"yoast_head":"<!-- This site is optimized with the Yoast SEO plugin v27.2 - https:\/\/yoast.com\/product\/yoast-seo-wordpress\/ -->\n<title>R\u00e9pertoire - St\u00e9phane T\u00e9treault violoncelliste<\/title>\n<meta name=\"description\" content=\"Concertos, sonates, oeuvres virtuoses et pour violoncelle seule, d\u00e9couvrez le r\u00e9pertoire du violoncelliste St\u00e9phane T\u00e9treault.\" \/>\n<meta name=\"robots\" content=\"index, follow, max-snippet:-1, max-image-preview:large, max-video-preview:-1\" \/>\n<link rel=\"canonical\" href=\"https:\/\/stephanetetreault.com\/fr\/repertoire\/\" \/>\n<meta property=\"og:locale\" content=\"fr_FR\" \/>\n<meta property=\"og:type\" content=\"article\" \/>\n<meta property=\"og:title\" content=\"R\u00e9pertoire - St\u00e9phane T\u00e9treault violoncelliste\" \/>\n<meta property=\"og:description\" content=\"Concertos, sonates, oeuvres virtuoses et pour violoncelle seule, d\u00e9couvrez le r\u00e9pertoire du violoncelliste St\u00e9phane T\u00e9treault.\" \/>\n<meta property=\"og:url\" content=\"https:\/\/stephanetetreault.com\/fr\/repertoire\/\" \/>\n<meta property=\"og:site_name\" content=\"St\u00e9phane T\u00e9treault violoncelliste\" \/>\n<meta property=\"article:publisher\" content=\"https:\/\/www.facebook.com\/stephanecello\" \/>\n<meta property=\"article:modified_time\" content=\"2021-07-21T20:51:55+00:00\" \/>\n<meta name=\"twitter:card\" content=\"summary_large_image\" \/>\n<meta name=\"twitter:site\" content=\"@stephanecello\" \/>\n<meta name=\"twitter:label1\" content=\"Dur\u00e9e de lecture estim\u00e9e\" \/>\n\t<meta name=\"twitter:data1\" content=\"5 minutes\" \/>\n<script type=\"application\/ld+json\" class=\"yoast-schema-graph\">{\"@context\":\"https:\/\/schema.org\",\"@graph\":[{\"@type\":\"WebPage\",\"@id\":\"https:\/\/stephanetetreault.com\/fr\/repertoire\/\",\"url\":\"https:\/\/stephanetetreault.com\/fr\/repertoire\/\",\"name\":\"R\u00e9pertoire - St\u00e9phane T\u00e9treault violoncelliste\",\"isPartOf\":{\"@id\":\"https:\/\/stephanetetreault.com\/fr\/#website\"},\"datePublished\":\"2016-11-03T18:37:10+00:00\",\"dateModified\":\"2021-07-21T20:51:55+00:00\",\"description\":\"Concertos, sonates, oeuvres virtuoses et pour violoncelle seule, d\u00e9couvrez le r\u00e9pertoire du violoncelliste St\u00e9phane T\u00e9treault.\",\"breadcrumb\":{\"@id\":\"https:\/\/stephanetetreault.com\/fr\/repertoire\/#breadcrumb\"},\"inLanguage\":\"fr-FR\",\"potentialAction\":[{\"@type\":\"ReadAction\",\"target\":[\"https:\/\/stephanetetreault.com\/fr\/repertoire\/\"]}]},{\"@type\":\"BreadcrumbList\",\"@id\":\"https:\/\/stephanetetreault.com\/fr\/repertoire\/#breadcrumb\",\"itemListElement\":[{\"@type\":\"ListItem\",\"position\":1,\"name\":\"Home\",\"item\":\"https:\/\/stephanetetreault.com\/fr\/\"},{\"@type\":\"ListItem\",\"position\":2,\"name\":\"R\u00e9pertoire\"}]},{\"@type\":\"WebSite\",\"@id\":\"https:\/\/stephanetetreault.com\/fr\/#website\",\"url\":\"https:\/\/stephanetetreault.com\/fr\/\",\"name\":\"St\u00e9phane T\u00e9treault violoncelliste\",\"description\":\"Violoncelliste canadien St\u00e9phane T\u00e9treault\",\"publisher\":{\"@id\":\"https:\/\/stephanetetreault.com\/fr\/#organization\"},\"potentialAction\":[{\"@type\":\"SearchAction\",\"target\":{\"@type\":\"EntryPoint\",\"urlTemplate\":\"https:\/\/stephanetetreault.com\/fr\/?s={search_term_string}\"},\"query-input\":{\"@type\":\"PropertyValueSpecification\",\"valueRequired\":true,\"valueName\":\"search_term_string\"}}],\"inLanguage\":\"fr-FR\"},{\"@type\":\"Organization\",\"@id\":\"https:\/\/stephanetetreault.com\/fr\/#organization\",\"name\":\"Stephane Tetreault\",\"url\":\"https:\/\/stephanetetreault.com\/fr\/\",\"logo\":{\"@type\":\"ImageObject\",\"inLanguage\":\"fr-FR\",\"@id\":\"https:\/\/stephanetetreault.com\/fr\/#\/schema\/logo\/image\/\",\"url\":\"https:\/\/stephanetetreault.com\/wp-content\/uploads\/2017\/06\/cropped-favicon_2.png\",\"contentUrl\":\"https:\/\/stephanetetreault.com\/wp-content\/uploads\/2017\/06\/cropped-favicon_2.png\",\"width\":512,\"height\":512,\"caption\":\"Stephane Tetreault\"},\"image\":{\"@id\":\"https:\/\/stephanetetreault.com\/fr\/#\/schema\/logo\/image\/\"},\"sameAs\":[\"https:\/\/www.facebook.com\/stephanecello\",\"https:\/\/x.com\/stephanecello\",\"https:\/\/www.instagram.com\/stephanecello\",\"https:\/\/www.youtube.com\/user\/CapriccioMusic\/\"]}]}<\/script>\n<!-- \/ Yoast SEO plugin. -->","yoast_head_json":{"title":"R\u00e9pertoire - St\u00e9phane T\u00e9treault violoncelliste","description":"Concertos, sonates, oeuvres virtuoses et pour violoncelle seule, d\u00e9couvrez le r\u00e9pertoire du violoncelliste St\u00e9phane T\u00e9treault.","robots":{"index":"index","follow":"follow","max-snippet":"max-snippet:-1","max-image-preview":"max-image-preview:large","max-video-preview":"max-video-preview:-1"},"canonical":"https:\/\/stephanetetreault.com\/fr\/repertoire\/","og_locale":"fr_FR","og_type":"article","og_title":"R\u00e9pertoire - St\u00e9phane T\u00e9treault violoncelliste","og_description":"Concertos, sonates, oeuvres virtuoses et pour violoncelle seule, d\u00e9couvrez le r\u00e9pertoire du violoncelliste St\u00e9phane T\u00e9treault.","og_url":"https:\/\/stephanetetreault.com\/fr\/repertoire\/","og_site_name":"St\u00e9phane T\u00e9treault violoncelliste","article_publisher":"https:\/\/www.facebook.com\/stephanecello","article_modified_time":"2021-07-21T20:51:55+00:00","twitter_card":"summary_large_image","twitter_site":"@stephanecello","twitter_misc":{"Dur\u00e9e de lecture estim\u00e9e":"5 minutes"},"schema":{"@context":"https:\/\/schema.org","@graph":[{"@type":"WebPage","@id":"https:\/\/stephanetetreault.com\/fr\/repertoire\/","url":"https:\/\/stephanetetreault.com\/fr\/repertoire\/","name":"R\u00e9pertoire - St\u00e9phane T\u00e9treault violoncelliste","isPartOf":{"@id":"https:\/\/stephanetetreault.com\/fr\/#website"},"datePublished":"2016-11-03T18:37:10+00:00","dateModified":"2021-07-21T20:51:55+00:00","description":"Concertos, sonates, oeuvres virtuoses et pour violoncelle seule, d\u00e9couvrez le r\u00e9pertoire du violoncelliste St\u00e9phane T\u00e9treault.","breadcrumb":{"@id":"https:\/\/stephanetetreault.com\/fr\/repertoire\/#breadcrumb"},"inLanguage":"fr-FR","potentialAction":[{"@type":"ReadAction","target":["https:\/\/stephanetetreault.com\/fr\/repertoire\/"]}]},{"@type":"BreadcrumbList","@id":"https:\/\/stephanetetreault.com\/fr\/repertoire\/#breadcrumb","itemListElement":[{"@type":"ListItem","position":1,"name":"Home","item":"https:\/\/stephanetetreault.com\/fr\/"},{"@type":"ListItem","position":2,"name":"R\u00e9pertoire"}]},{"@type":"WebSite","@id":"https:\/\/stephanetetreault.com\/fr\/#website","url":"https:\/\/stephanetetreault.com\/fr\/","name":"St\u00e9phane T\u00e9treault violoncelliste","description":"Violoncelliste canadien St\u00e9phane T\u00e9treault","publisher":{"@id":"https:\/\/stephanetetreault.com\/fr\/#organization"},"potentialAction":[{"@type":"SearchAction","target":{"@type":"EntryPoint","urlTemplate":"https:\/\/stephanetetreault.com\/fr\/?s={search_term_string}"},"query-input":{"@type":"PropertyValueSpecification","valueRequired":true,"valueName":"search_term_string"}}],"inLanguage":"fr-FR"},{"@type":"Organization","@id":"https:\/\/stephanetetreault.com\/fr\/#organization","name":"Stephane Tetreault","url":"https:\/\/stephanetetreault.com\/fr\/","logo":{"@type":"ImageObject","inLanguage":"fr-FR","@id":"https:\/\/stephanetetreault.com\/fr\/#\/schema\/logo\/image\/","url":"https:\/\/stephanetetreault.com\/wp-content\/uploads\/2017\/06\/cropped-favicon_2.png","contentUrl":"https:\/\/stephanetetreault.com\/wp-content\/uploads\/2017\/06\/cropped-favicon_2.png","width":512,"height":512,"caption":"Stephane Tetreault"},"image":{"@id":"https:\/\/stephanetetreault.com\/fr\/#\/schema\/logo\/image\/"},"sameAs":["https:\/\/www.facebook.com\/stephanecello","https:\/\/x.com\/stephanecello","https:\/\/www.instagram.com\/stephanecello","https:\/\/www.youtube.com\/user\/CapriccioMusic\/"]}]}},"_links":{"self":[{"href":"https:\/\/stephanetetreault.com\/fr\/wp-json\/wp\/v2\/pages\/2743","targetHints":{"allow":["GET"]}}],"collection":[{"href":"https:\/\/stephanetetreault.com\/fr\/wp-json\/wp\/v2\/pages"}],"about":[{"href":"https:\/\/stephanetetreault.com\/fr\/wp-json\/wp\/v2\/types\/page"}],"author":[{"embeddable":true,"href":"https:\/\/stephanetetreault.com\/fr\/wp-json\/wp\/v2\/users\/3"}],"replies":[{"embeddable":true,"href":"https:\/\/stephanetetreault.com\/fr\/wp-json\/wp\/v2\/comments?post=2743"}],"version-history":[{"count":7,"href":"https:\/\/stephanetetreault.com\/fr\/wp-json\/wp\/v2\/pages\/2743\/revisions"}],"predecessor-version":[{"id":6755,"href":"https:\/\/stephanetetreault.com\/fr\/wp-json\/wp\/v2\/pages\/2743\/revisions\/6755"}],"wp:attachment":[{"href":"https:\/\/stephanetetreault.com\/fr\/wp-json\/wp\/v2\/media?parent=2743"}],"curies":[{"name":"wp","href":"https:\/\/api.w.org\/{rel}","templated":true}]}}