{"id":3117,"date":"2017-06-01T13:36:43","date_gmt":"2017-06-01T13:36:43","guid":{"rendered":"http:\/\/arrierescene.com\/downloads\/"},"modified":"2025-05-09T21:43:15","modified_gmt":"2025-05-09T21:43:15","slug":"telechargement","status":"publish","type":"page","link":"https:\/\/stephanetetreault.com\/fr\/telechargement\/","title":{"rendered":"Espace de T\u00e9l\u00e9chargement"},"content":{"rendered":"<div class=\"wpb-content-wrapper\"><p>[vc_row full_width=\u00a0\u00bbstretch_row\u00a0\u00bb css=\u00a0\u00bb.vc_custom_1496345187406{padding-top: 10% !important;padding-right: 10% !important;padding-bottom: 10% !important;padding-left: 10% !important;background-color: #f7f7f7 !important;}\u00a0\u00bb][vc_column][vc_custom_heading text=\u00a0\u00bbPHOTOS OFFICIELLES\u00a0\u00bb use_theme_fonts=\u00a0\u00bbyes\u00a0\u00bb][vc_row_inner][vc_column_inner width=\u00a0\u00bb1\/3&Prime;][vc_single_image image=\u00a0\u00bb7148&Prime; img_size=\u00a0\u00bblarge\u00a0\u00bb add_caption=\u00a0\u00bbyes\u00a0\u00bb alignment=\u00a0\u00bbcenter\u00a0\u00bb css=\u00a0\u00bb\u00a0\u00bb]<div class=\"buttons  text-center  vc_custom_1496345357240\"><a class=\"btn btn--frame btn--small btn--dark\" href=\"\/wp-content\/uploads\/2022\/02\/S-Tetreault_Photos_2022_Credit_Frederik_Robitaille.zip\" target=\"_self\"><span><\/span>T\u00e9l\u00e9chargez<\/a><\/div>[\/vc_column_inner][vc_column_inner width=\u00a0\u00bb1\/3&Prime;][vc_single_image image=\u00a0\u00bb7527&Prime; img_size=\u00a0\u00bblarge\u00a0\u00bb add_caption=\u00a0\u00bbyes\u00a0\u00bb alignment=\u00a0\u00bbcenter\u00a0\u00bb css=\u00a0\u00bb\u00a0\u00bb]<div class=\"buttons  text-center  vc_custom_1496345368084\"><a class=\"btn btn--frame btn--small btn--dark\" href=\"\/wp-content\/uploads\/2022\/08\/S-Tetreault_Press_Shot-03-245_Finale_2022-2.zip\" target=\"_self\"><span><\/span>T\u00e9l\u00e9chargez<\/a><\/div>[\/vc_column_inner][vc_column_inner width=\u00a0\u00bb1\/3&Prime;][vc_single_image image=\u00a0\u00bb8685&Prime; img_size=\u00a0\u00bblarge\u00a0\u00bb add_caption=\u00a0\u00bbyes\u00a0\u00bb alignment=\u00a0\u00bbcenter\u00a0\u00bb css=\u00a0\u00bb\u00a0\u00bb]<div class=\"buttons  text-center  vc_custom_1496345362410\"><a class=\"btn btn--frame btn--small btn--dark\" href=\"\/wp-content\/uploads\/2025\/05\/Stephane_Tetreault_300dpi_credit_Frederik_Robitaille_V3.zip\" target=\"_self\"><span><\/span>T\u00e9l\u00e9chargez<\/a><\/div>[\/vc_column_inner][\/vc_row_inner][\/vc_column][\/vc_row][vc_row full_width=\u00a0\u00bbstretch_row\u00a0\u00bb css=\u00a0\u00bb.vc_custom_1599758084414{padding-top: 10% !important;padding-right: 10% !important;padding-bottom: 10% !important;padding-left: 10% !important;background-color: #e2e2e2 !important;}\u00a0\u00bb][vc_column width=\u00a0\u00bb1\/2&Prime;][vc_custom_heading text=\u00a0\u00bbBiographie\u00a0\u00bb use_theme_fonts=\u00a0\u00bbyes\u00a0\u00bb][vc_btn title=\u00a0\u00bbFran\u00e7ais\u00a0\u00bb shape=\u00a0\u00bbsquare\u00a0\u00bb color=\u00a0\u00bbinverse\u00a0\u00bb size=\u00a0\u00bbsm\u00a0\u00bb i_icon_fontawesome=\u00a0\u00bbfar fa-file-word\u00a0\u00bb css=\u00a0\u00bb.vc_custom_1746826040998{margin-bottom: 2px !important;}\u00a0\u00bb add_icon=\u00a0\u00bbtrue\u00a0\u00bb link=\u00a0\u00bburl:%2Fwp-content%2Fuploads%2F2025%2F05%2FBiographie_Stephane_Tetreault_2025.zip|target:_blank\u00a0\u00bb][vc_btn title=\u00a0\u00bbEnglish\u00a0\u00bb shape=\u00a0\u00bbsquare\u00a0\u00bb color=\u00a0\u00bbinverse\u00a0\u00bb size=\u00a0\u00bbsm\u00a0\u00bb i_icon_fontawesome=\u00a0\u00bbfar fa-file-word\u00a0\u00bb css=\u00a0\u00bb.vc_custom_1746826071427{margin-bottom: 2px !important;}\u00a0\u00bb add_icon=\u00a0\u00bbtrue\u00a0\u00bb link=\u00a0\u00bburl:%2Fwp-content%2Fuploads%2F2025%2F05%2FBiography_Stephane_Tetreault_2025.zip|target:_blank\u00a0\u00bb][vc_column_text css=\u00a0\u00bb.vc_custom_1599765622037{margin-top: 0px !important;}\u00a0\u00bb]<em><small>Versions longue et courte disponibles\u00a0<\/small><\/em>[\/vc_column_text][\/vc_column][vc_column width=\u00a0\u00bb1\/2&Prime;][vc_custom_heading text=\u00a0\u00bbDossier de presse\u00a0\u00bb use_theme_fonts=\u00a0\u00bbyes\u00a0\u00bb][vc_btn title=\u00a0\u00bbFran\u00e7ais\u00a0\u00bb shape=\u00a0\u00bbsquare\u00a0\u00bb color=\u00a0\u00bbinverse\u00a0\u00bb size=\u00a0\u00bbsm\u00a0\u00bb i_icon_fontawesome=\u00a0\u00bbfar fa-file-pdf\u00a0\u00bb css=\u00a0\u00bb\u00a0\u00bb add_icon=\u00a0\u00bbtrue\u00a0\u00bb link=\u00a0\u00bburl:%2Fwp-content%2Fuploads%2F2025%2F05%2FStephane-Tetreault-Dossier-Presse-2025-FR.pdf|target:_blank\u00a0\u00bb][vc_btn title=\u00a0\u00bbEnglish\u00a0\u00bb shape=\u00a0\u00bbsquare\u00a0\u00bb color=\u00a0\u00bbinverse\u00a0\u00bb size=\u00a0\u00bbsm\u00a0\u00bb i_icon_fontawesome=\u00a0\u00bbfar fa-file-pdf\u00a0\u00bb css=\u00a0\u00bb\u00a0\u00bb add_icon=\u00a0\u00bbtrue\u00a0\u00bb link=\u00a0\u00bburl:%2Fwp-content%2Fuploads%2F2025%2F05%2FStephane-Tetreault-Press-Kit-2025-EN.pdf|target:_blank\u00a0\u00bb][\/vc_column][\/vc_row]<\/p>\n<\/div>","protected":false},"excerpt":{"rendered":"<p>[vc_row full_width=\u00a0\u00bbstretch_row\u00a0\u00bb css=\u00a0\u00bb.vc_custom_1496345187406{padding-top: 10% !important;padding-right: 10% !important;padding-bottom: 10% !important;padding-left: 10% !important;background-color: #f7f7f7 !important;}\u00a0\u00bb][vc_column][vc_custom_heading text=\u00a0\u00bbPHOTOS OFFICIELLES\u00a0\u00bb use_theme_fonts=\u00a0\u00bbyes\u00a0\u00bb][vc_row_inner][vc_column_inner width=\u00a0\u00bb1\/3&Prime;][vc_single_image image=\u00a0\u00bb7148&Prime; img_size=\u00a0\u00bblarge\u00a0\u00bb add_caption=\u00a0\u00bbyes\u00a0\u00bb alignment=\u00a0\u00bbcenter\u00a0\u00bb css=\u00a0\u00bb\u00a0\u00bb]T\u00e9l\u00e9chargez[\/vc_column_inner][vc_column_inner width=\u00a0\u00bb1\/3&Prime;][vc_single_image image=\u00a0\u00bb7527&Prime; img_size=\u00a0\u00bblarge\u00a0\u00bb add_caption=\u00a0\u00bbyes\u00a0\u00bb alignment=\u00a0\u00bbcenter\u00a0\u00bb css=\u00a0\u00bb\u00a0\u00bb]T\u00e9l\u00e9chargez[\/vc_column_inner][vc_column_inner width=\u00a0\u00bb1\/3&Prime;][vc_single_image image=\u00a0\u00bb8685&Prime; img_size=\u00a0\u00bblarge\u00a0\u00bb add_caption=\u00a0\u00bbyes\u00a0\u00bb alignment=\u00a0\u00bbcenter\u00a0\u00bb css=\u00a0\u00bb\u00a0\u00bb]T\u00e9l\u00e9chargez[\/vc_column_inner][\/vc_row_inner][\/vc_column][\/vc_row][vc_row full_width=\u00a0\u00bbstretch_row\u00a0\u00bb css=\u00a0\u00bb.vc_custom_1599758084414{padding-top: 10% !important;padding-right: 10% !important;padding-bottom: 10% !important;padding-left: 10% !important;background-color: #e2e2e2 !important;}\u00a0\u00bb][vc_column width=\u00a0\u00bb1\/2&Prime;][vc_custom_heading text=\u00a0\u00bbBiographie\u00a0\u00bb use_theme_fonts=\u00a0\u00bbyes\u00a0\u00bb][vc_btn title=\u00a0\u00bbFran\u00e7ais\u00a0\u00bb shape=\u00a0\u00bbsquare\u00a0\u00bb color=\u00a0\u00bbinverse\u00a0\u00bb size=\u00a0\u00bbsm\u00a0\u00bb i_icon_fontawesome=\u00a0\u00bbfar fa-file-word\u00a0\u00bb [&#8230;]<\/p>\n","protected":false},"author":3,"featured_media":0,"parent":0,"menu_order":0,"comment_status":"closed","ping_status":"closed","template":"","meta":{"inline_featured_image":false,"footnotes":""},"class_list":["post-3117","page","type-page","status-publish","hentry"],"yoast_head":"<!-- This site is optimized with the Yoast SEO plugin v27.2 - https:\/\/yoast.com\/product\/yoast-seo-wordpress\/ -->\n<title>Espace de T\u00e9l\u00e9chargement - St\u00e9phane T\u00e9treault violoncelliste<\/title>\n<meta name=\"description\" content=\"Versions longue et courte disponibles\u00a0\" \/>\n<meta name=\"robots\" content=\"index, follow, max-snippet:-1, max-image-preview:large, max-video-preview:-1\" \/>\n<link rel=\"canonical\" href=\"https:\/\/stephanetetreault.com\/fr\/telechargement\/\" \/>\n<meta property=\"og:locale\" content=\"fr_FR\" \/>\n<meta property=\"og:type\" content=\"article\" \/>\n<meta property=\"og:title\" content=\"Espace de T\u00e9l\u00e9chargement - St\u00e9phane T\u00e9treault violoncelliste\" \/>\n<meta property=\"og:description\" content=\"Versions longue et courte disponibles\u00a0\" \/>\n<meta property=\"og:url\" content=\"https:\/\/stephanetetreault.com\/fr\/telechargement\/\" \/>\n<meta property=\"og:site_name\" content=\"St\u00e9phane T\u00e9treault violoncelliste\" \/>\n<meta property=\"article:publisher\" content=\"https:\/\/www.facebook.com\/stephanecello\" \/>\n<meta property=\"article:modified_time\" content=\"2025-05-09T21:43:15+00:00\" \/>\n<meta name=\"twitter:card\" content=\"summary_large_image\" \/>\n<meta name=\"twitter:site\" content=\"@stephanecello\" \/>\n<meta name=\"twitter:label1\" content=\"Dur\u00e9e de lecture estim\u00e9e\" \/>\n\t<meta name=\"twitter:data1\" content=\"1 minute\" \/>\n<script type=\"application\/ld+json\" class=\"yoast-schema-graph\">{\"@context\":\"https:\/\/schema.org\",\"@graph\":[{\"@type\":\"WebPage\",\"@id\":\"https:\/\/stephanetetreault.com\/fr\/telechargement\/\",\"url\":\"https:\/\/stephanetetreault.com\/fr\/telechargement\/\",\"name\":\"Espace de T\u00e9l\u00e9chargement - St\u00e9phane T\u00e9treault violoncelliste\",\"isPartOf\":{\"@id\":\"https:\/\/stephanetetreault.com\/fr\/#website\"},\"datePublished\":\"2017-06-01T13:36:43+00:00\",\"dateModified\":\"2025-05-09T21:43:15+00:00\",\"description\":\"Versions longue et courte disponibles\u00a0\",\"breadcrumb\":{\"@id\":\"https:\/\/stephanetetreault.com\/fr\/telechargement\/#breadcrumb\"},\"inLanguage\":\"fr-FR\",\"potentialAction\":[{\"@type\":\"ReadAction\",\"target\":[\"https:\/\/stephanetetreault.com\/fr\/telechargement\/\"]}]},{\"@type\":\"BreadcrumbList\",\"@id\":\"https:\/\/stephanetetreault.com\/fr\/telechargement\/#breadcrumb\",\"itemListElement\":[{\"@type\":\"ListItem\",\"position\":1,\"name\":\"Home\",\"item\":\"https:\/\/stephanetetreault.com\/fr\/\"},{\"@type\":\"ListItem\",\"position\":2,\"name\":\"Espace de T\u00e9l\u00e9chargement\"}]},{\"@type\":\"WebSite\",\"@id\":\"https:\/\/stephanetetreault.com\/fr\/#website\",\"url\":\"https:\/\/stephanetetreault.com\/fr\/\",\"name\":\"St\u00e9phane T\u00e9treault violoncelliste\",\"description\":\"Violoncelliste canadien St\u00e9phane T\u00e9treault\",\"publisher\":{\"@id\":\"https:\/\/stephanetetreault.com\/fr\/#organization\"},\"potentialAction\":[{\"@type\":\"SearchAction\",\"target\":{\"@type\":\"EntryPoint\",\"urlTemplate\":\"https:\/\/stephanetetreault.com\/fr\/?s={search_term_string}\"},\"query-input\":{\"@type\":\"PropertyValueSpecification\",\"valueRequired\":true,\"valueName\":\"search_term_string\"}}],\"inLanguage\":\"fr-FR\"},{\"@type\":\"Organization\",\"@id\":\"https:\/\/stephanetetreault.com\/fr\/#organization\",\"name\":\"Stephane Tetreault\",\"url\":\"https:\/\/stephanetetreault.com\/fr\/\",\"logo\":{\"@type\":\"ImageObject\",\"inLanguage\":\"fr-FR\",\"@id\":\"https:\/\/stephanetetreault.com\/fr\/#\/schema\/logo\/image\/\",\"url\":\"https:\/\/stephanetetreault.com\/wp-content\/uploads\/2017\/06\/cropped-favicon_2.png\",\"contentUrl\":\"https:\/\/stephanetetreault.com\/wp-content\/uploads\/2017\/06\/cropped-favicon_2.png\",\"width\":512,\"height\":512,\"caption\":\"Stephane Tetreault\"},\"image\":{\"@id\":\"https:\/\/stephanetetreault.com\/fr\/#\/schema\/logo\/image\/\"},\"sameAs\":[\"https:\/\/www.facebook.com\/stephanecello\",\"https:\/\/x.com\/stephanecello\",\"https:\/\/www.instagram.com\/stephanecello\",\"https:\/\/www.youtube.com\/user\/CapriccioMusic\/\"]}]}<\/script>\n<!-- \/ Yoast SEO plugin. -->","yoast_head_json":{"title":"Espace de T\u00e9l\u00e9chargement - St\u00e9phane T\u00e9treault violoncelliste","description":"Versions longue et courte disponibles\u00a0","robots":{"index":"index","follow":"follow","max-snippet":"max-snippet:-1","max-image-preview":"max-image-preview:large","max-video-preview":"max-video-preview:-1"},"canonical":"https:\/\/stephanetetreault.com\/fr\/telechargement\/","og_locale":"fr_FR","og_type":"article","og_title":"Espace de T\u00e9l\u00e9chargement - St\u00e9phane T\u00e9treault violoncelliste","og_description":"Versions longue et courte disponibles\u00a0","og_url":"https:\/\/stephanetetreault.com\/fr\/telechargement\/","og_site_name":"St\u00e9phane T\u00e9treault violoncelliste","article_publisher":"https:\/\/www.facebook.com\/stephanecello","article_modified_time":"2025-05-09T21:43:15+00:00","twitter_card":"summary_large_image","twitter_site":"@stephanecello","twitter_misc":{"Dur\u00e9e de lecture estim\u00e9e":"1 minute"},"schema":{"@context":"https:\/\/schema.org","@graph":[{"@type":"WebPage","@id":"https:\/\/stephanetetreault.com\/fr\/telechargement\/","url":"https:\/\/stephanetetreault.com\/fr\/telechargement\/","name":"Espace de T\u00e9l\u00e9chargement - St\u00e9phane T\u00e9treault violoncelliste","isPartOf":{"@id":"https:\/\/stephanetetreault.com\/fr\/#website"},"datePublished":"2017-06-01T13:36:43+00:00","dateModified":"2025-05-09T21:43:15+00:00","description":"Versions longue et courte disponibles\u00a0","breadcrumb":{"@id":"https:\/\/stephanetetreault.com\/fr\/telechargement\/#breadcrumb"},"inLanguage":"fr-FR","potentialAction":[{"@type":"ReadAction","target":["https:\/\/stephanetetreault.com\/fr\/telechargement\/"]}]},{"@type":"BreadcrumbList","@id":"https:\/\/stephanetetreault.com\/fr\/telechargement\/#breadcrumb","itemListElement":[{"@type":"ListItem","position":1,"name":"Home","item":"https:\/\/stephanetetreault.com\/fr\/"},{"@type":"ListItem","position":2,"name":"Espace de T\u00e9l\u00e9chargement"}]},{"@type":"WebSite","@id":"https:\/\/stephanetetreault.com\/fr\/#website","url":"https:\/\/stephanetetreault.com\/fr\/","name":"St\u00e9phane T\u00e9treault violoncelliste","description":"Violoncelliste canadien St\u00e9phane T\u00e9treault","publisher":{"@id":"https:\/\/stephanetetreault.com\/fr\/#organization"},"potentialAction":[{"@type":"SearchAction","target":{"@type":"EntryPoint","urlTemplate":"https:\/\/stephanetetreault.com\/fr\/?s={search_term_string}"},"query-input":{"@type":"PropertyValueSpecification","valueRequired":true,"valueName":"search_term_string"}}],"inLanguage":"fr-FR"},{"@type":"Organization","@id":"https:\/\/stephanetetreault.com\/fr\/#organization","name":"Stephane Tetreault","url":"https:\/\/stephanetetreault.com\/fr\/","logo":{"@type":"ImageObject","inLanguage":"fr-FR","@id":"https:\/\/stephanetetreault.com\/fr\/#\/schema\/logo\/image\/","url":"https:\/\/stephanetetreault.com\/wp-content\/uploads\/2017\/06\/cropped-favicon_2.png","contentUrl":"https:\/\/stephanetetreault.com\/wp-content\/uploads\/2017\/06\/cropped-favicon_2.png","width":512,"height":512,"caption":"Stephane Tetreault"},"image":{"@id":"https:\/\/stephanetetreault.com\/fr\/#\/schema\/logo\/image\/"},"sameAs":["https:\/\/www.facebook.com\/stephanecello","https:\/\/x.com\/stephanecello","https:\/\/www.instagram.com\/stephanecello","https:\/\/www.youtube.com\/user\/CapriccioMusic\/"]}]}},"_links":{"self":[{"href":"https:\/\/stephanetetreault.com\/fr\/wp-json\/wp\/v2\/pages\/3117","targetHints":{"allow":["GET"]}}],"collection":[{"href":"https:\/\/stephanetetreault.com\/fr\/wp-json\/wp\/v2\/pages"}],"about":[{"href":"https:\/\/stephanetetreault.com\/fr\/wp-json\/wp\/v2\/types\/page"}],"author":[{"embeddable":true,"href":"https:\/\/stephanetetreault.com\/fr\/wp-json\/wp\/v2\/users\/3"}],"replies":[{"embeddable":true,"href":"https:\/\/stephanetetreault.com\/fr\/wp-json\/wp\/v2\/comments?post=3117"}],"version-history":[{"count":20,"href":"https:\/\/stephanetetreault.com\/fr\/wp-json\/wp\/v2\/pages\/3117\/revisions"}],"predecessor-version":[{"id":8690,"href":"https:\/\/stephanetetreault.com\/fr\/wp-json\/wp\/v2\/pages\/3117\/revisions\/8690"}],"wp:attachment":[{"href":"https:\/\/stephanetetreault.com\/fr\/wp-json\/wp\/v2\/media?parent=3117"}],"curies":[{"name":"wp","href":"https:\/\/api.w.org\/{rel}","templated":true}]}}