{"id":5223,"date":"2019-03-17T12:26:24","date_gmt":"2019-03-17T12:26:24","guid":{"rendered":"https:\/\/stephanetetreault.com\/milot-tetreault\/"},"modified":"2024-06-19T19:47:56","modified_gmt":"2024-06-19T19:47:56","slug":"milot-tetreault","status":"publish","type":"page","link":"https:\/\/stephanetetreault.com\/fr\/projects\/milot-tetreault\/","title":{"rendered":"Milot &#8211; Tetreault"},"content":{"rendered":"<div class=\"wpb-content-wrapper\"><p>[vc_row full_width=\u00a0\u00bbstretch_row\u00a0\u00bb content_width=\u00a0\u00bbnarrow\u00a0\u00bb css=\u00a0\u00bb.vc_custom_1552530434360{padding-top: 10% !important;padding-bottom: 5% !important;background-color: #f4f4f4 !important;background-position: center !important;background-repeat: no-repeat !important;background-size: cover !important;}\u00a0\u00bb][vc_column width=\u00a0\u00bb1\/2&Prime;][vc_single_image image=\u00a0\u00bb7019&Prime; img_size=\u00a0\u00bblarge\u00a0\u00bb add_caption=\u00a0\u00bbyes\u00a0\u00bb style=\u00a0\u00bbvc_box_border\u00a0\u00bb onclick=\u00a0\u00bblink_image\u00a0\u00bb][\/vc_column][vc_column width=\u00a0\u00bb1\/2&Prime;][vc_column_text css=\u00a0\u00bb\u00a0\u00bb]<\/p>\n<h2>TRANSFIGURATION<\/h2>\n<p>ATMA Classique<br \/>\nMai 2022<\/p>\n<p>Tourn\u00e9e 2024-2025<br \/>\n<strong>3 novembre 2024 <\/strong>Drummonville, QC<em><br \/>\n<\/em><strong>24 novembre 2024 <\/strong>Victoriaville, QC<br \/>\n<strong>11 janvier 2025 <\/strong>Lasalle, QC<br \/>\n<strong>23 f\u00e9vrier 2025 <\/strong>Sainte-Genevi\u00e8ve, QC<\/p>\n<p>Programme<br \/>\n<strong>FRAN\u00c7OIS VALLI\u00c8RES<\/strong> Double-Monologue<br \/>\n<strong>ALEXANDRE GROGG<\/strong> Trois variations sur <em>La Folia<\/em><br \/>\n<strong>CAROLINE LIZOTTE<\/strong> Close for Couloir<br \/>\n<strong>MARJAN MOZETICH<\/strong> Sentiment transfigur\u00e9<br \/>\n<strong>ALEXANDRE GROGG<\/strong> D\u2019un cygne l\u2019autre<br \/>\n<strong>KELLY-MARIE MURPHY<\/strong> Si veriash a la rana<br \/>\n<strong>FRAN\u00c7OIS VALLI\u00c8RES<\/strong> Cogs in Cogs <em>(Gentle Giant)<\/em>[\/vc_column_text][vc_single_image image=\u00a0\u00bb6974&Prime; img_size=\u00a0\u00bb150&#215;150&Prime; onclick=\u00a0\u00bbcustom_link\u00a0\u00bb img_link_target=\u00a0\u00bb_blank\u00a0\u00bb link=\u00a0\u00bbhttps:\/\/transfiguration.live\/fr\/\u00a0\u00bb][\/vc_column][\/vc_row][vc_section full_width=\u00a0\u00bbstretch_row\u00a0\u00bb el_id=\u00a0\u00bbblack-bg\u00a0\u00bb css=\u00a0\u00bb.vc_custom_1552530479784{background-color: #1a1b1c !important;}\u00a0\u00bb][vc_row css=\u00a0\u00bb.vc_custom_1669254715697{padding-top: 0px !important;padding-bottom: 10% !important;}\u00a0\u00bb][vc_column][vc_video link=\u00a0\u00bbhttps:\/\/www.youtube.com\/watch?v=0HfhIy1C4Kw\u00a0\u00bb css=\u00a0\u00bb\u00a0\u00bb el_class=\u00a0\u00bbsingle&#8211;media\u00a0\u00bb][\/vc_column][\/vc_row][\/vc_section][vc_section full_width=\u00a0\u00bbstretch_row\u00a0\u00bb parallax=\u00a0\u00bbcontent-moving\u00a0\u00bb css=\u00a0\u00bb.vc_custom_1649880016962{margin-top: 0% !important;margin-bottom: 0% !important;padding-top: 10% !important;padding-bottom: 5% !important;background-color: #f9f9f9 !important;}\u00a0\u00bb][vc_row][vc_column]<div class=\"videos--wrap-sc  \"><div class=\"videos--grid grid-row mosaic--section grid-row-pad\"><div class=\"grid--item item-anim anim-fadeup grid-3 grid-tablet-6 grid-mobile-6\"><a href=\"https:\/\/www.youtube.com\/watch?v=ka1tQgNI0I0\" class=\"video-sc anim--reveal permalink iframebox\"><img decoding=\"async\" class=\"videos--image\" src=\"https:\/\/stephanetetreault.com\/wp-content\/uploads\/2024\/06\/Transfigured_Sentiment_V2-440x300.jpg\" alt=\"Post image\"><h2 class=\"videos--title\">Marjan Mozetich &#8211; Sentiment transfigur\u00e9<\/h2><span class=\"videos--play-layer\"><span class=\"icon icon-play\"><\/span><\/span><\/a><\/div><div class=\"grid--item item-anim anim-fadeup grid-3 grid-tablet-6 grid-mobile-6\"><a href=\"https:\/\/www.youtube.com\/watch?v=mgk1RnfFm9g\" class=\"video-sc anim--reveal permalink iframebox\"><img decoding=\"async\" class=\"videos--image\" src=\"https:\/\/stephanetetreault.com\/wp-content\/uploads\/2022\/02\/Transfiguration_promo_3-1-440x300.jpg\" alt=\"Post image\"><h2 class=\"videos--title\">Transfiguration en production<\/h2><span class=\"videos--play-layer\"><span class=\"icon icon-play\"><\/span><\/span><\/a><\/div><div class=\"grid--item item-anim anim-fadeup grid-3 grid-tablet-6 grid-mobile-6\"><a href=\"https:\/\/www.youtube.com\/watch?v=PrtZtPAjzkA\" class=\"video-sc anim--reveal permalink iframebox\"><img decoding=\"async\" class=\"videos--image\" src=\"https:\/\/stephanetetreault.com\/wp-content\/uploads\/2022\/01\/AlbumMakingOf-440x300.jpg\" alt=\"Post image\"><h2 class=\"videos--title\">Cr\u00e9ation de l&rsquo;album<\/h2><span class=\"videos--play-layer\"><span class=\"icon icon-play\"><\/span><\/span><\/a><\/div><div class=\"grid--item item-anim anim-fadeup grid-3 grid-tablet-6 grid-mobile-6\"><a href=\"https:\/\/www.youtube.com\/watch?v=Kil5yxX6_nc\" class=\"video-sc anim--reveal permalink iframebox\"><img decoding=\"async\" class=\"videos--image\" src=\"https:\/\/stephanetetreault.com\/wp-content\/uploads\/2022\/01\/presentation-440x300.jpg\" alt=\"Post image\"><h2 class=\"videos--title\">Pr\u00e9sentation du projet<\/h2><span class=\"videos--play-layer\"><span class=\"icon icon-play\"><\/span><\/span><\/a><\/div><\/div><\/div><div class=\"clear\"><\/div>[\/vc_column][\/vc_row][\/vc_section][vc_row full_width=\u00a0\u00bbstretch_row\u00a0\u00bb content_width=\u00a0\u00bbnarrow\u00a0\u00bb css=\u00a0\u00bb.vc_custom_1634383976862{padding-top: 10% !important;padding-bottom: 5% !important;background-position: center !important;background-repeat: no-repeat !important;background-size: cover !important;}\u00a0\u00bb][vc_column][vc_column_text]<\/p>\n<blockquote><p>Transfiguration est un concert-exp\u00e9rience qui met en sc\u00e8ne la harpiste Val\u00e9rie Milot et le violoncelliste St\u00e9phane T\u00e9treault dans un environnement num\u00e9rique cin\u00e9matographique envoutant. Une exp\u00e9rience totale est propos\u00e9e au spectateur, tant visuelle qu\u2019auditive. \u00c0 travers une mise en sc\u00e8ne o\u00f9 la musique se retrouve transform\u00e9e par le biais d\u2019images projet\u00e9es, la relation entre les deux musiciens \u00e9volue jusqu\u2019\u00e0 la transfiguration finale.<\/p><\/blockquote>\n<p>[\/vc_column_text][vc_separator style=\u00a0\u00bbdashed\u00a0\u00bb css=\u00a0\u00bb.vc_custom_1637940882233{padding-top: 50px !important;padding-bottom: 50px !important;}\u00a0\u00bb][vc_column_text]<\/p>\n<h3><strong>Booking et information:<\/strong><\/h3>\n<h4><strong>Louis-Philippe H\u00e9bert<\/strong><\/h4>\n<p><strong>Portable et WhatsApp<\/strong><br \/>\n+1 (819) 620-4071<br \/>\n+ 55 951 292 8165<\/p>\n<p><strong>Courriel<\/strong><br \/>\n<strong><a href=\"mailto:agent@anemone47.com\">agent@anemone47.com<\/a><\/strong>[\/vc_column_text][\/vc_column][\/vc_row][vc_section full_width=\u00a0\u00bbstretch_row\u00a0\u00bb parallax=\u00a0\u00bbcontent-moving\u00a0\u00bb disable_element=\u00a0\u00bbyes\u00a0\u00bb css=\u00a0\u00bb.vc_custom_1634383964018{margin-top: 0% !important;margin-bottom: 0% !important;padding-top: 0% !important;padding-bottom: 0% !important;}\u00a0\u00bb][vc_row full_width=\u00a0\u00bbstretch_row\u00a0\u00bb css=\u00a0\u00bb.vc_custom_1557068617111{padding-top: 10% !important;padding-bottom: 10% !important;}\u00a0\u00bb][vc_column width=\u00a0\u00bb1\/3&Prime;][vc_column_text]<a href=\"https:\/\/stephanetetreault.com\/wp-content\/uploads\/2019\/05\/Duo_Valerie_Stephane_Photos.zip\" target=\"_blank\" class=\"service--box  bg--light \"><div class='service--image'><div class='service--image-inner'><img decoding=\"async\" src=\"https:\/\/stephanetetreault.com\/wp-content\/uploads\/2019\/03\/photo_icon_project.png\" alt=\"service image\" style=\"width:100px;height:80px;\"><\/div><\/div><div class='service--text'><strong>Photos haute r\u00e9solution<\/strong><\/div><\/a>[\/vc_column_text][\/vc_column][vc_column width=\u00a0\u00bb1\/3&Prime;][vc_column_text]<a href=\"https:\/\/stephanetetreault.com\/wp-content\/uploads\/2019\/05\/DUO-MILOT-TETREAULT-Descriptif.pdf\" target=\"_blank\" class=\"service--box  bg--light \"><div class='service--image'><div class='service--image-inner'><img decoding=\"async\" src=\"https:\/\/stephanetetreault.com\/wp-content\/uploads\/2019\/03\/bio_icon_project.png\" alt=\"service image\" style=\"width:90px;height:120px;\"><\/div><\/div><div class='service--text'><strong>Biographie<\/strong><\/div><\/a>[\/vc_column_text][\/vc_column][vc_column width=\u00a0\u00bb1\/3&Prime;][vc_column_text]<a href=\"https:\/\/stephanetetreault.com\/wp-content\/uploads\/2019\/05\/Devis-technique-Plan-Scene-DUO-MILOT-TETREAULT.pdf\" target=\"_blank\" class=\"service--box  bg--light \"><div class='service--image'><div class='service--image-inner'><img decoding=\"async\" src=\"https:\/\/stephanetetreault.com\/wp-content\/uploads\/2019\/03\/rider_icon_project.png\" alt=\"service image\" style=\"width:90px;height:120px;\"><\/div><\/div><div class='service--text'><strong>Devis technique - Plan de sc\u00e8ne<\/strong><\/div><\/a>[\/vc_column_text][\/vc_column][\/vc_row][\/vc_section]<\/p>\n<\/div>","protected":false},"excerpt":{"rendered":"[vc_row full_width=\"stretch_row\" content_width=\"narrow\" css=\".vc_custom_1552530434360{padding-top: 10% !important;padding-bottom: 5% !important;background-color: #f4f4f4 !important;background-position: center !important;background-repeat: no-repeat !important;background-size: cover !important;}\"][vc_column width=\"1\/2\"][vc_single_image image=\"7019\" img_size=\"large\" add_caption=\"yes\" style=\"vc_box_border\" onclick=\"link_image\"][\/vc_column][vc_column width=\"1\/2\"][vc_column_text css=\"\"] TRANSFIGURATION ATMA Classique Mai 2022 Tourn\u00e9e 2024-2025 3 novembre 2024 Drummonville, QC 24 novembre 2024 Victoriaville, QC 11 janvier 2025 Lasalle, QC 23 f\u00e9vrier 2025 Sainte-Genevi\u00e8ve, QC Programme FRAN\u00c7OIS VALLI\u00c8RES Double-Monologue [...]","protected":false},"author":3,"featured_media":6883,"parent":5110,"menu_order":0,"comment_status":"closed","ping_status":"closed","template":"","meta":{"inline_featured_image":false,"footnotes":""},"class_list":["post-5223","page","type-page","status-publish","has-post-thumbnail","hentry"],"yoast_head":"<!-- This site is optimized with the Yoast SEO plugin v27.2 - https:\/\/yoast.com\/product\/yoast-seo-wordpress\/ -->\n<title>Milot - Tetreault - St\u00e9phane T\u00e9treault violoncelliste<\/title>\n<meta name=\"description\" content=\"Transfiguration est un concert-exp\u00e9rience qui met en sc\u00e8ne la harpiste Val\u00e9rie Milot et le violoncelliste St\u00e9phane T\u00e9treault\" \/>\n<meta name=\"robots\" content=\"index, follow, max-snippet:-1, max-image-preview:large, max-video-preview:-1\" \/>\n<link rel=\"canonical\" href=\"https:\/\/stephanetetreault.com\/fr\/projects\/milot-tetreault\/\" \/>\n<meta property=\"og:locale\" content=\"fr_FR\" \/>\n<meta property=\"og:type\" content=\"article\" \/>\n<meta property=\"og:title\" content=\"Milot - Tetreault - St\u00e9phane T\u00e9treault violoncelliste\" \/>\n<meta property=\"og:description\" content=\"Transfiguration est un concert-exp\u00e9rience qui met en sc\u00e8ne la harpiste Val\u00e9rie Milot et le violoncelliste St\u00e9phane T\u00e9treault\" \/>\n<meta property=\"og:url\" content=\"https:\/\/stephanetetreault.com\/fr\/projects\/milot-tetreault\/\" \/>\n<meta property=\"og:site_name\" content=\"St\u00e9phane T\u00e9treault violoncelliste\" \/>\n<meta property=\"article:publisher\" content=\"https:\/\/www.facebook.com\/stephanecello\" \/>\n<meta property=\"article:modified_time\" content=\"2024-06-19T19:47:56+00:00\" \/>\n<meta property=\"og:image\" content=\"https:\/\/stephanetetreault.com\/wp-content\/uploads\/2021\/10\/Duo_Milot_Tetreault_01-068_Finale_sRGB.jpg\" \/>\n\t<meta property=\"og:image:width\" content=\"1500\" \/>\n\t<meta property=\"og:image:height\" content=\"1000\" \/>\n\t<meta property=\"og:image:type\" content=\"image\/jpeg\" \/>\n<meta name=\"twitter:card\" content=\"summary_large_image\" \/>\n<meta name=\"twitter:site\" content=\"@stephanecello\" \/>\n<meta name=\"twitter:label1\" content=\"Dur\u00e9e de lecture estim\u00e9e\" \/>\n\t<meta name=\"twitter:data1\" content=\"2 minutes\" \/>\n<script type=\"application\/ld+json\" class=\"yoast-schema-graph\">{\"@context\":\"https:\/\/schema.org\",\"@graph\":[{\"@type\":\"WebPage\",\"@id\":\"https:\/\/stephanetetreault.com\/fr\/projects\/milot-tetreault\/\",\"url\":\"https:\/\/stephanetetreault.com\/fr\/projects\/milot-tetreault\/\",\"name\":\"Milot - Tetreault - St\u00e9phane T\u00e9treault violoncelliste\",\"isPartOf\":{\"@id\":\"https:\/\/stephanetetreault.com\/fr\/#website\"},\"primaryImageOfPage\":{\"@id\":\"https:\/\/stephanetetreault.com\/fr\/projects\/milot-tetreault\/#primaryimage\"},\"image\":{\"@id\":\"https:\/\/stephanetetreault.com\/fr\/projects\/milot-tetreault\/#primaryimage\"},\"thumbnailUrl\":\"https:\/\/stephanetetreault.com\/wp-content\/uploads\/2021\/10\/Duo_Milot_Tetreault_01-068_Finale_sRGB.jpg\",\"datePublished\":\"2019-03-17T12:26:24+00:00\",\"dateModified\":\"2024-06-19T19:47:56+00:00\",\"description\":\"Transfiguration est un concert-exp\u00e9rience qui met en sc\u00e8ne la harpiste Val\u00e9rie Milot et le violoncelliste St\u00e9phane T\u00e9treault\",\"breadcrumb\":{\"@id\":\"https:\/\/stephanetetreault.com\/fr\/projects\/milot-tetreault\/#breadcrumb\"},\"inLanguage\":\"fr-FR\",\"potentialAction\":[{\"@type\":\"ReadAction\",\"target\":[\"https:\/\/stephanetetreault.com\/fr\/projects\/milot-tetreault\/\"]}]},{\"@type\":\"ImageObject\",\"inLanguage\":\"fr-FR\",\"@id\":\"https:\/\/stephanetetreault.com\/fr\/projects\/milot-tetreault\/#primaryimage\",\"url\":\"https:\/\/stephanetetreault.com\/wp-content\/uploads\/2021\/10\/Duo_Milot_Tetreault_01-068_Finale_sRGB.jpg\",\"contentUrl\":\"https:\/\/stephanetetreault.com\/wp-content\/uploads\/2021\/10\/Duo_Milot_Tetreault_01-068_Finale_sRGB.jpg\",\"width\":1500,\"height\":1000},{\"@type\":\"BreadcrumbList\",\"@id\":\"https:\/\/stephanetetreault.com\/fr\/projects\/milot-tetreault\/#breadcrumb\",\"itemListElement\":[{\"@type\":\"ListItem\",\"position\":1,\"name\":\"Home\",\"item\":\"https:\/\/stephanetetreault.com\/fr\/\"},{\"@type\":\"ListItem\",\"position\":2,\"name\":\"Projects\",\"item\":\"https:\/\/stephanetetreault.com\/fr\/projects\/\"},{\"@type\":\"ListItem\",\"position\":3,\"name\":\"Milot &#8211; Tetreault\"}]},{\"@type\":\"WebSite\",\"@id\":\"https:\/\/stephanetetreault.com\/fr\/#website\",\"url\":\"https:\/\/stephanetetreault.com\/fr\/\",\"name\":\"St\u00e9phane T\u00e9treault violoncelliste\",\"description\":\"Violoncelliste canadien St\u00e9phane T\u00e9treault\",\"publisher\":{\"@id\":\"https:\/\/stephanetetreault.com\/fr\/#organization\"},\"potentialAction\":[{\"@type\":\"SearchAction\",\"target\":{\"@type\":\"EntryPoint\",\"urlTemplate\":\"https:\/\/stephanetetreault.com\/fr\/?s={search_term_string}\"},\"query-input\":{\"@type\":\"PropertyValueSpecification\",\"valueRequired\":true,\"valueName\":\"search_term_string\"}}],\"inLanguage\":\"fr-FR\"},{\"@type\":\"Organization\",\"@id\":\"https:\/\/stephanetetreault.com\/fr\/#organization\",\"name\":\"Stephane Tetreault\",\"url\":\"https:\/\/stephanetetreault.com\/fr\/\",\"logo\":{\"@type\":\"ImageObject\",\"inLanguage\":\"fr-FR\",\"@id\":\"https:\/\/stephanetetreault.com\/fr\/#\/schema\/logo\/image\/\",\"url\":\"https:\/\/stephanetetreault.com\/wp-content\/uploads\/2017\/06\/cropped-favicon_2.png\",\"contentUrl\":\"https:\/\/stephanetetreault.com\/wp-content\/uploads\/2017\/06\/cropped-favicon_2.png\",\"width\":512,\"height\":512,\"caption\":\"Stephane Tetreault\"},\"image\":{\"@id\":\"https:\/\/stephanetetreault.com\/fr\/#\/schema\/logo\/image\/\"},\"sameAs\":[\"https:\/\/www.facebook.com\/stephanecello\",\"https:\/\/x.com\/stephanecello\",\"https:\/\/www.instagram.com\/stephanecello\",\"https:\/\/www.youtube.com\/user\/CapriccioMusic\/\"]}]}<\/script>\n<!-- \/ Yoast SEO plugin. -->","yoast_head_json":{"title":"Milot - Tetreault - St\u00e9phane T\u00e9treault violoncelliste","description":"Transfiguration est un concert-exp\u00e9rience qui met en sc\u00e8ne la harpiste Val\u00e9rie Milot et le violoncelliste St\u00e9phane T\u00e9treault","robots":{"index":"index","follow":"follow","max-snippet":"max-snippet:-1","max-image-preview":"max-image-preview:large","max-video-preview":"max-video-preview:-1"},"canonical":"https:\/\/stephanetetreault.com\/fr\/projects\/milot-tetreault\/","og_locale":"fr_FR","og_type":"article","og_title":"Milot - Tetreault - St\u00e9phane T\u00e9treault violoncelliste","og_description":"Transfiguration est un concert-exp\u00e9rience qui met en sc\u00e8ne la harpiste Val\u00e9rie Milot et le violoncelliste St\u00e9phane T\u00e9treault","og_url":"https:\/\/stephanetetreault.com\/fr\/projects\/milot-tetreault\/","og_site_name":"St\u00e9phane T\u00e9treault violoncelliste","article_publisher":"https:\/\/www.facebook.com\/stephanecello","article_modified_time":"2024-06-19T19:47:56+00:00","og_image":[{"width":1500,"height":1000,"url":"https:\/\/stephanetetreault.com\/wp-content\/uploads\/2021\/10\/Duo_Milot_Tetreault_01-068_Finale_sRGB.jpg","type":"image\/jpeg"}],"twitter_card":"summary_large_image","twitter_site":"@stephanecello","twitter_misc":{"Dur\u00e9e de lecture estim\u00e9e":"2 minutes"},"schema":{"@context":"https:\/\/schema.org","@graph":[{"@type":"WebPage","@id":"https:\/\/stephanetetreault.com\/fr\/projects\/milot-tetreault\/","url":"https:\/\/stephanetetreault.com\/fr\/projects\/milot-tetreault\/","name":"Milot - Tetreault - St\u00e9phane T\u00e9treault violoncelliste","isPartOf":{"@id":"https:\/\/stephanetetreault.com\/fr\/#website"},"primaryImageOfPage":{"@id":"https:\/\/stephanetetreault.com\/fr\/projects\/milot-tetreault\/#primaryimage"},"image":{"@id":"https:\/\/stephanetetreault.com\/fr\/projects\/milot-tetreault\/#primaryimage"},"thumbnailUrl":"https:\/\/stephanetetreault.com\/wp-content\/uploads\/2021\/10\/Duo_Milot_Tetreault_01-068_Finale_sRGB.jpg","datePublished":"2019-03-17T12:26:24+00:00","dateModified":"2024-06-19T19:47:56+00:00","description":"Transfiguration est un concert-exp\u00e9rience qui met en sc\u00e8ne la harpiste Val\u00e9rie Milot et le violoncelliste St\u00e9phane T\u00e9treault","breadcrumb":{"@id":"https:\/\/stephanetetreault.com\/fr\/projects\/milot-tetreault\/#breadcrumb"},"inLanguage":"fr-FR","potentialAction":[{"@type":"ReadAction","target":["https:\/\/stephanetetreault.com\/fr\/projects\/milot-tetreault\/"]}]},{"@type":"ImageObject","inLanguage":"fr-FR","@id":"https:\/\/stephanetetreault.com\/fr\/projects\/milot-tetreault\/#primaryimage","url":"https:\/\/stephanetetreault.com\/wp-content\/uploads\/2021\/10\/Duo_Milot_Tetreault_01-068_Finale_sRGB.jpg","contentUrl":"https:\/\/stephanetetreault.com\/wp-content\/uploads\/2021\/10\/Duo_Milot_Tetreault_01-068_Finale_sRGB.jpg","width":1500,"height":1000},{"@type":"BreadcrumbList","@id":"https:\/\/stephanetetreault.com\/fr\/projects\/milot-tetreault\/#breadcrumb","itemListElement":[{"@type":"ListItem","position":1,"name":"Home","item":"https:\/\/stephanetetreault.com\/fr\/"},{"@type":"ListItem","position":2,"name":"Projects","item":"https:\/\/stephanetetreault.com\/fr\/projects\/"},{"@type":"ListItem","position":3,"name":"Milot &#8211; Tetreault"}]},{"@type":"WebSite","@id":"https:\/\/stephanetetreault.com\/fr\/#website","url":"https:\/\/stephanetetreault.com\/fr\/","name":"St\u00e9phane T\u00e9treault violoncelliste","description":"Violoncelliste canadien St\u00e9phane T\u00e9treault","publisher":{"@id":"https:\/\/stephanetetreault.com\/fr\/#organization"},"potentialAction":[{"@type":"SearchAction","target":{"@type":"EntryPoint","urlTemplate":"https:\/\/stephanetetreault.com\/fr\/?s={search_term_string}"},"query-input":{"@type":"PropertyValueSpecification","valueRequired":true,"valueName":"search_term_string"}}],"inLanguage":"fr-FR"},{"@type":"Organization","@id":"https:\/\/stephanetetreault.com\/fr\/#organization","name":"Stephane Tetreault","url":"https:\/\/stephanetetreault.com\/fr\/","logo":{"@type":"ImageObject","inLanguage":"fr-FR","@id":"https:\/\/stephanetetreault.com\/fr\/#\/schema\/logo\/image\/","url":"https:\/\/stephanetetreault.com\/wp-content\/uploads\/2017\/06\/cropped-favicon_2.png","contentUrl":"https:\/\/stephanetetreault.com\/wp-content\/uploads\/2017\/06\/cropped-favicon_2.png","width":512,"height":512,"caption":"Stephane Tetreault"},"image":{"@id":"https:\/\/stephanetetreault.com\/fr\/#\/schema\/logo\/image\/"},"sameAs":["https:\/\/www.facebook.com\/stephanecello","https:\/\/x.com\/stephanecello","https:\/\/www.instagram.com\/stephanecello","https:\/\/www.youtube.com\/user\/CapriccioMusic\/"]}]}},"_links":{"self":[{"href":"https:\/\/stephanetetreault.com\/fr\/wp-json\/wp\/v2\/pages\/5223","targetHints":{"allow":["GET"]}}],"collection":[{"href":"https:\/\/stephanetetreault.com\/fr\/wp-json\/wp\/v2\/pages"}],"about":[{"href":"https:\/\/stephanetetreault.com\/fr\/wp-json\/wp\/v2\/types\/page"}],"author":[{"embeddable":true,"href":"https:\/\/stephanetetreault.com\/fr\/wp-json\/wp\/v2\/users\/3"}],"replies":[{"embeddable":true,"href":"https:\/\/stephanetetreault.com\/fr\/wp-json\/wp\/v2\/comments?post=5223"}],"version-history":[{"count":46,"href":"https:\/\/stephanetetreault.com\/fr\/wp-json\/wp\/v2\/pages\/5223\/revisions"}],"predecessor-version":[{"id":8271,"href":"https:\/\/stephanetetreault.com\/fr\/wp-json\/wp\/v2\/pages\/5223\/revisions\/8271"}],"up":[{"embeddable":true,"href":"https:\/\/stephanetetreault.com\/fr\/wp-json\/wp\/v2\/pages\/5110"}],"wp:featuredmedia":[{"embeddable":true,"href":"https:\/\/stephanetetreault.com\/fr\/wp-json\/wp\/v2\/media\/6883"}],"wp:attachment":[{"href":"https:\/\/stephanetetreault.com\/fr\/wp-json\/wp\/v2\/media?parent=5223"}],"curies":[{"name":"wp","href":"https:\/\/api.w.org\/{rel}","templated":true}]}}