{"id":6173,"date":"2020-09-30T01:59:57","date_gmt":"2020-09-30T01:59:57","guid":{"rendered":"https:\/\/stephanetetreault.com\/projects\/milot-tetreault-copy\/"},"modified":"2022-09-22T15:27:09","modified_gmt":"2022-09-22T15:27:09","slug":"claude-debussy-images-oubliees","status":"publish","type":"page","link":"https:\/\/stephanetetreault.com\/fr\/projects\/claude-debussy-images-oubliees\/","title":{"rendered":"Claude Debussy : Images oubli\u00e9es"},"content":{"rendered":"<div class=\"wpb-content-wrapper\"><p>[vc_row full_width=\u00a0\u00bbstretch_row\u00a0\u00bb content_width=\u00a0\u00bbnarrow\u00a0\u00bb css=\u00a0\u00bb.vc_custom_1619043287062{padding-top: 10% !important;padding-bottom: 5% !important;background-color: #f9f9f9 !important;background-position: center !important;background-repeat: no-repeat !important;background-size: cover !important;}\u00a0\u00bb][vc_column][vc_column_text]<\/p>\n<h4>R\u00e9invent\u00e9es pour violoncelle et piano par deux artistes dont la r\u00e9putation n\u2019est plus \u00e0 faire, ces <em>Images oubli\u00e9es<\/em> peignent un portrait intemporel de cette l\u00e9gende musicale.<\/h4>\n<p>Par la combinaison de ces deux instruments, les atmosph\u00e8res \u00e9voqu\u00e9es dans ces pi\u00e8ces se voient donc d\u00e9finies davantage. En transformant l\u2019aspect \u00ab soliste \u00bb de ces \u0153uvres en une conception pour deux instruments en dialogue, le langage des sons de Debussy r\u00e9sonne autrement, parfois plus intime, parfois plus grandiose, mais toujours dans l\u2019intention de cr\u00e9er un lien marquant avec le public. Le pouvoir \u00e9vocateur de ces compositions est donc in\u00e9vitablement alt\u00e9r\u00e9, puisqu\u2019elles racontent maintenant leur histoire mais aussi celle des deux musiciens qui les transmettent.<\/p>\n<p><strong>\u00c0 travers un concert singulier et th\u00e9matique, le violoncelliste St\u00e9phane T\u00e9treault et le pianiste Olivier H\u00e9bert-Bouchard vous proposent une r\u00e9trospective tout en musique sur la vie de Claude Debussy!<\/strong>[\/vc_column_text][vc_separator style=\u00a0\u00bbdashed\u00a0\u00bb][vc_column_text]<strong>Pour plus d\u2019information et booking:<\/strong><br \/>\nGinette Ravary<br \/>\n+1 (514) 388-6442<br \/>\n<strong><a href=\"mailto:ginette@stephanetetreault.com\">ginette@stephanetetreault.com<\/a><\/strong>[\/vc_column_text][\/vc_column][\/vc_row][vc_section full_width=\u00a0\u00bbstretch_row\u00a0\u00bb el_id=\u00a0\u00bbblack-bg\u00a0\u00bb css=\u00a0\u00bb.vc_custom_1552530479784{background-color: #1a1b1c !important;}\u00a0\u00bb][vc_row full_width=\u00a0\u00bbstretch_row\u00a0\u00bb content_width=\u00a0\u00bbnarrow\u00a0\u00bb css=\u00a0\u00bb.vc_custom_1552357315043{padding-top: 0px !important;padding-bottom: 10% !important;}\u00a0\u00bb][vc_column][vc_video link=\u00a0\u00bbhttps:\/\/www.youtube.com\/watch?v=zEMX2HzvSLM\u00a0\u00bb el_class=\u00a0\u00bbsingle\u2013media\u00a0\u00bb][\/vc_column][\/vc_row][\/vc_section][vc_section full_width=\u00a0\u00bbstretch_row\u00a0\u00bb parallax=\u00a0\u00bbcontent-moving\u00a0\u00bb css=\u00a0\u00bb.vc_custom_1619043332725{margin-top: 0% !important;margin-bottom: 0% !important;padding-top: 10% !important;padding-bottom: 5% !important;background-color: #f9f9f9 !important;}\u00a0\u00bb][vc_row][vc_column]<div class=\"videos--wrap-sc  \"><div class=\"videos--grid grid-row mosaic--section \"><div class=\"grid--item item-anim anim-fadeup grid-4 grid-tablet-6 grid-mobile-6\"><a href=\"https:\/\/www.youtube.com\/watch?v=4e9O4aUe3uc\" class=\"video-sc anim--reveal permalink iframebox\"><img decoding=\"async\" class=\"videos--image\" src=\"https:\/\/stephanetetreault.com\/wp-content\/uploads\/2020\/09\/ElegieL138-440x300.jpg\" alt=\"Post image\"><h2 class=\"videos--title\">\u00c9l\u00e9gie, L. 138<\/h2><span class=\"videos--play-layer\"><span class=\"icon icon-play\"><\/span><\/span><\/a><\/div><div class=\"grid--item item-anim anim-fadeup grid-4 grid-tablet-6 grid-mobile-6\"><a href=\"https:\/\/www.youtube.com\/watch?v=7kY52GxzFeo\" class=\"video-sc anim--reveal permalink iframebox\"><img decoding=\"async\" class=\"videos--image\" src=\"https:\/\/stephanetetreault.com\/wp-content\/uploads\/2020\/09\/Les_soirs_illumines-440x300.jpg\" alt=\"Post image\"><h2 class=\"videos--title\">Les soirs illumin\u00e9s par l\u2019ardeur du charbon, L. 150<\/h2><span class=\"videos--play-layer\"><span class=\"icon icon-play\"><\/span><\/span><\/a><\/div><div class=\"grid--item item-anim anim-fadeup grid-4 grid-tablet-6 grid-mobile-6\"><a href=\"https:\/\/www.youtube.com\/watch?v=eA5z6pdaunc\" class=\"video-sc anim--reveal permalink iframebox\"><img decoding=\"async\" class=\"videos--image\" src=\"https:\/\/stephanetetreault.com\/wp-content\/uploads\/2020\/09\/Nocturne_ScherzoL26-440x300.jpg\" alt=\"Post image\"><h2 class=\"videos--title\">Nocturne et Scherzo, L. 26<\/h2><span class=\"videos--play-layer\"><span class=\"icon icon-play\"><\/span><\/span><\/a><\/div><div class=\"grid--item item-anim anim-fadeup grid-4 grid-tablet-6 grid-mobile-6\"><a href=\"https:\/\/www.youtube.com\/watch?v=V_BVGQZStmM\" class=\"video-sc anim--reveal permalink iframebox\"><img decoding=\"async\" class=\"videos--image\" src=\"https:\/\/stephanetetreault.com\/wp-content\/uploads\/2020\/09\/Serenade-440x300.jpg\" alt=\"Post image\"><h2 class=\"videos--title\">Sonate pour violoncelle et piano, II. S\u00e9r\u00e9nade<\/h2><span class=\"videos--play-layer\"><span class=\"icon icon-play\"><\/span><\/span><\/a><\/div><div class=\"grid--item item-anim anim-fadeup grid-4 grid-tablet-6 grid-mobile-6\"><a href=\"https:\/\/www.youtube.com\/watch?v=8IqN5awwkSQ\" class=\"video-sc anim--reveal permalink iframebox\"><img decoding=\"async\" class=\"videos--image\" src=\"https:\/\/stephanetetreault.com\/wp-content\/uploads\/2020\/09\/Finale-440x300.jpg\" alt=\"Post image\"><h2 class=\"videos--title\">Sonate pour violoncelle et piano, III. Finale<\/h2><span class=\"videos--play-layer\"><span class=\"icon icon-play\"><\/span><\/span><\/a><\/div><\/div><\/div><div class=\"clear\"><\/div>[\/vc_column][\/vc_row][\/vc_section][vc_section full_width=\u00a0\u00bbstretch_row\u00a0\u00bb parallax=\u00a0\u00bbcontent-moving\u00a0\u00bb css=\u00a0\u00bb.vc_custom_1557068633189{margin-top: 0% !important;margin-bottom: 0% !important;padding-top: 0% !important;padding-bottom: 0% !important;}\u00a0\u00bb][vc_row full_width=\u00a0\u00bbstretch_row\u00a0\u00bb css=\u00a0\u00bb.vc_custom_1557068617111{padding-top: 10% !important;padding-bottom: 10% !important;}\u00a0\u00bb][vc_column width=\u00a0\u00bb1\/3\u2033][vc_column_text]<a href=\"https:\/\/stephanetetreault.com\/wp-content\/uploads\/2020\/09\/Photo-Stephane-Olivier.zip\" target=\"_blank\" class=\"service--box  bg--light \"><div class='service--image'><div class='service--image-inner'><img decoding=\"async\" src=\"https:\/\/stephanetetreault.com\/wp-content\/uploads\/2019\/03\/photo_icon_project.png\" alt=\"service image\" style=\"width:100px;height:80px;\"><\/div><\/div><div class='service--text'><strong>Photos haute r\u00e9solution<\/strong><\/div><\/a>[\/vc_column_text][\/vc_column][vc_column width=\u00a0\u00bb1\/3\u2033][vc_column_text]<a href=\"https:\/\/stephanetetreault.com\/wp-content\/uploads\/2022\/09\/Debussy_Biographies_Programme.pdf\" target=\"_blank\" class=\"service--box  bg--light \"><div class='service--image'><div class='service--image-inner'><img decoding=\"async\" src=\"https:\/\/stephanetetreault.com\/wp-content\/uploads\/2019\/03\/bio_icon_project.png\" alt=\"service image\" style=\"width:90px;height:120px;\"><\/div><\/div><div class='service--text'><strong>Biographies - Programme<\/strong><\/div><\/a>[\/vc_column_text][\/vc_column][vc_column width=\u00a0\u00bb1\/3\u2033][vc_column_text]<a href=\"https:\/\/stephanetetreault.com\/wp-content\/uploads\/2022\/08\/Devis-technique-Plan-de-scene-2022.pdf\" target=\"_blank\" class=\"service--box  bg--light \"><div class='service--image'><div class='service--image-inner'><img decoding=\"async\" src=\"https:\/\/stephanetetreault.com\/wp-content\/uploads\/2019\/03\/rider_icon_project.png\" alt=\"service image\" style=\"width:90px;height:120px;\"><\/div><\/div><div class='service--text'><strong>Devis technique - Plan de sc\u00e8ne<\/strong><\/div><\/a>[\/vc_column_text][\/vc_column][\/vc_row][\/vc_section]<\/p>\n<\/div>","protected":false},"excerpt":{"rendered":"[vc_row full_width=\"stretch_row\" content_width=\"narrow\" css=\".vc_custom_1619043287062{padding-top: 10% !important;padding-bottom: 5% !important;background-color: #f9f9f9 !important;background-position: center !important;background-repeat: no-repeat !important;background-size: cover !important;}\"][vc_column][vc_column_text] R\u00e9invent\u00e9es pour violoncelle et piano par deux artistes dont la r\u00e9putation n\u2019est plus \u00e0 faire, ces Images oubli\u00e9es peignent un portrait intemporel de cette l\u00e9gende musicale. Par la combinaison de ces deux instruments, les atmosph\u00e8res \u00e9voqu\u00e9es dans ces pi\u00e8ces [...]","protected":false},"author":3,"featured_media":6178,"parent":5110,"menu_order":0,"comment_status":"closed","ping_status":"closed","template":"","meta":{"inline_featured_image":false,"footnotes":""},"class_list":["post-6173","page","type-page","status-publish","has-post-thumbnail","hentry"],"yoast_head":"<!-- This site is optimized with the Yoast SEO plugin v27.5 - https:\/\/yoast.com\/product\/yoast-seo-wordpress\/ -->\n<title>Claude Debussy : Images oubli\u00e9es - St\u00e9phane T\u00e9treault violoncelliste<\/title>\n<meta name=\"description\" content=\"St\u00e9phane T\u00e9treault et le pianiste Olivier H\u00e9bert-Bouchard vous proposent une r\u00e9trospective tout en musique sur la vie de Claude Debussy!\" \/>\n<meta name=\"robots\" content=\"index, follow, max-snippet:-1, max-image-preview:large, max-video-preview:-1\" \/>\n<link rel=\"canonical\" href=\"https:\/\/stephanetetreault.com\/fr\/projects\/claude-debussy-images-oubliees\/\" \/>\n<meta property=\"og:locale\" content=\"fr_FR\" \/>\n<meta property=\"og:type\" content=\"article\" \/>\n<meta property=\"og:title\" content=\"Claude Debussy : Images oubli\u00e9es - St\u00e9phane T\u00e9treault violoncelliste\" \/>\n<meta property=\"og:description\" content=\"St\u00e9phane T\u00e9treault et le pianiste Olivier H\u00e9bert-Bouchard vous proposent une r\u00e9trospective tout en musique sur la vie de Claude Debussy!\" \/>\n<meta property=\"og:url\" content=\"https:\/\/stephanetetreault.com\/fr\/projects\/claude-debussy-images-oubliees\/\" \/>\n<meta property=\"og:site_name\" content=\"St\u00e9phane T\u00e9treault violoncelliste\" \/>\n<meta property=\"article:publisher\" content=\"https:\/\/www.facebook.com\/stephanecello\" \/>\n<meta property=\"article:modified_time\" content=\"2022-09-22T15:27:09+00:00\" \/>\n<meta property=\"og:image\" content=\"https:\/\/stephanetetreault.com\/wp-content\/uploads\/2020\/09\/Stephane-Olivier.jpg\" \/>\n\t<meta property=\"og:image:width\" content=\"1920\" \/>\n\t<meta property=\"og:image:height\" content=\"1080\" \/>\n\t<meta property=\"og:image:type\" content=\"image\/jpeg\" \/>\n<meta name=\"twitter:card\" content=\"summary_large_image\" \/>\n<meta name=\"twitter:site\" content=\"@stephanecello\" \/>\n<meta name=\"twitter:label1\" content=\"Dur\u00e9e de lecture estim\u00e9e\" \/>\n\t<meta name=\"twitter:data1\" content=\"2 minutes\" \/>\n<script type=\"application\/ld+json\" class=\"yoast-schema-graph\">{\"@context\":\"https:\\\/\\\/schema.org\",\"@graph\":[{\"@type\":\"WebPage\",\"@id\":\"https:\\\/\\\/stephanetetreault.com\\\/fr\\\/projects\\\/claude-debussy-images-oubliees\\\/\",\"url\":\"https:\\\/\\\/stephanetetreault.com\\\/fr\\\/projects\\\/claude-debussy-images-oubliees\\\/\",\"name\":\"Claude Debussy : Images oubli\u00e9es - St\u00e9phane T\u00e9treault violoncelliste\",\"isPartOf\":{\"@id\":\"https:\\\/\\\/stephanetetreault.com\\\/fr\\\/#website\"},\"primaryImageOfPage\":{\"@id\":\"https:\\\/\\\/stephanetetreault.com\\\/fr\\\/projects\\\/claude-debussy-images-oubliees\\\/#primaryimage\"},\"image\":{\"@id\":\"https:\\\/\\\/stephanetetreault.com\\\/fr\\\/projects\\\/claude-debussy-images-oubliees\\\/#primaryimage\"},\"thumbnailUrl\":\"https:\\\/\\\/stephanetetreault.com\\\/wp-content\\\/uploads\\\/2020\\\/09\\\/Stephane-Olivier.jpg\",\"datePublished\":\"2020-09-30T01:59:57+00:00\",\"dateModified\":\"2022-09-22T15:27:09+00:00\",\"description\":\"St\u00e9phane T\u00e9treault et le pianiste Olivier H\u00e9bert-Bouchard vous proposent une r\u00e9trospective tout en musique sur la vie de Claude Debussy!\",\"breadcrumb\":{\"@id\":\"https:\\\/\\\/stephanetetreault.com\\\/fr\\\/projects\\\/claude-debussy-images-oubliees\\\/#breadcrumb\"},\"inLanguage\":\"fr-FR\",\"potentialAction\":[{\"@type\":\"ReadAction\",\"target\":[\"https:\\\/\\\/stephanetetreault.com\\\/fr\\\/projects\\\/claude-debussy-images-oubliees\\\/\"]}]},{\"@type\":\"ImageObject\",\"inLanguage\":\"fr-FR\",\"@id\":\"https:\\\/\\\/stephanetetreault.com\\\/fr\\\/projects\\\/claude-debussy-images-oubliees\\\/#primaryimage\",\"url\":\"https:\\\/\\\/stephanetetreault.com\\\/wp-content\\\/uploads\\\/2020\\\/09\\\/Stephane-Olivier.jpg\",\"contentUrl\":\"https:\\\/\\\/stephanetetreault.com\\\/wp-content\\\/uploads\\\/2020\\\/09\\\/Stephane-Olivier.jpg\",\"width\":1920,\"height\":1080},{\"@type\":\"BreadcrumbList\",\"@id\":\"https:\\\/\\\/stephanetetreault.com\\\/fr\\\/projects\\\/claude-debussy-images-oubliees\\\/#breadcrumb\",\"itemListElement\":[{\"@type\":\"ListItem\",\"position\":1,\"name\":\"Home\",\"item\":\"https:\\\/\\\/stephanetetreault.com\\\/fr\\\/\"},{\"@type\":\"ListItem\",\"position\":2,\"name\":\"Projects\",\"item\":\"https:\\\/\\\/stephanetetreault.com\\\/fr\\\/projects\\\/\"},{\"@type\":\"ListItem\",\"position\":3,\"name\":\"Claude Debussy : Images oubli\u00e9es\"}]},{\"@type\":\"WebSite\",\"@id\":\"https:\\\/\\\/stephanetetreault.com\\\/fr\\\/#website\",\"url\":\"https:\\\/\\\/stephanetetreault.com\\\/fr\\\/\",\"name\":\"St\u00e9phane T\u00e9treault violoncelliste\",\"description\":\"Violoncelliste canadien St\u00e9phane T\u00e9treault\",\"publisher\":{\"@id\":\"https:\\\/\\\/stephanetetreault.com\\\/fr\\\/#organization\"},\"potentialAction\":[{\"@type\":\"SearchAction\",\"target\":{\"@type\":\"EntryPoint\",\"urlTemplate\":\"https:\\\/\\\/stephanetetreault.com\\\/fr\\\/?s={search_term_string}\"},\"query-input\":{\"@type\":\"PropertyValueSpecification\",\"valueRequired\":true,\"valueName\":\"search_term_string\"}}],\"inLanguage\":\"fr-FR\"},{\"@type\":\"Organization\",\"@id\":\"https:\\\/\\\/stephanetetreault.com\\\/fr\\\/#organization\",\"name\":\"Stephane Tetreault\",\"url\":\"https:\\\/\\\/stephanetetreault.com\\\/fr\\\/\",\"logo\":{\"@type\":\"ImageObject\",\"inLanguage\":\"fr-FR\",\"@id\":\"https:\\\/\\\/stephanetetreault.com\\\/fr\\\/#\\\/schema\\\/logo\\\/image\\\/\",\"url\":\"https:\\\/\\\/stephanetetreault.com\\\/wp-content\\\/uploads\\\/2017\\\/06\\\/cropped-favicon_2.png\",\"contentUrl\":\"https:\\\/\\\/stephanetetreault.com\\\/wp-content\\\/uploads\\\/2017\\\/06\\\/cropped-favicon_2.png\",\"width\":512,\"height\":512,\"caption\":\"Stephane Tetreault\"},\"image\":{\"@id\":\"https:\\\/\\\/stephanetetreault.com\\\/fr\\\/#\\\/schema\\\/logo\\\/image\\\/\"},\"sameAs\":[\"https:\\\/\\\/www.facebook.com\\\/stephanecello\",\"https:\\\/\\\/x.com\\\/stephanecello\",\"https:\\\/\\\/www.instagram.com\\\/stephanecello\",\"https:\\\/\\\/www.youtube.com\\\/user\\\/CapriccioMusic\\\/\"]}]}<\/script>\n<!-- \/ Yoast SEO plugin. -->","yoast_head_json":{"title":"Claude Debussy : Images oubli\u00e9es - St\u00e9phane T\u00e9treault violoncelliste","description":"St\u00e9phane T\u00e9treault et le pianiste Olivier H\u00e9bert-Bouchard vous proposent une r\u00e9trospective tout en musique sur la vie de Claude Debussy!","robots":{"index":"index","follow":"follow","max-snippet":"max-snippet:-1","max-image-preview":"max-image-preview:large","max-video-preview":"max-video-preview:-1"},"canonical":"https:\/\/stephanetetreault.com\/fr\/projects\/claude-debussy-images-oubliees\/","og_locale":"fr_FR","og_type":"article","og_title":"Claude Debussy : Images oubli\u00e9es - St\u00e9phane T\u00e9treault violoncelliste","og_description":"St\u00e9phane T\u00e9treault et le pianiste Olivier H\u00e9bert-Bouchard vous proposent une r\u00e9trospective tout en musique sur la vie de Claude Debussy!","og_url":"https:\/\/stephanetetreault.com\/fr\/projects\/claude-debussy-images-oubliees\/","og_site_name":"St\u00e9phane T\u00e9treault violoncelliste","article_publisher":"https:\/\/www.facebook.com\/stephanecello","article_modified_time":"2022-09-22T15:27:09+00:00","og_image":[{"width":1920,"height":1080,"url":"https:\/\/stephanetetreault.com\/wp-content\/uploads\/2020\/09\/Stephane-Olivier.jpg","type":"image\/jpeg"}],"twitter_card":"summary_large_image","twitter_site":"@stephanecello","twitter_misc":{"Dur\u00e9e de lecture estim\u00e9e":"2 minutes"},"schema":{"@context":"https:\/\/schema.org","@graph":[{"@type":"WebPage","@id":"https:\/\/stephanetetreault.com\/fr\/projects\/claude-debussy-images-oubliees\/","url":"https:\/\/stephanetetreault.com\/fr\/projects\/claude-debussy-images-oubliees\/","name":"Claude Debussy : Images oubli\u00e9es - St\u00e9phane T\u00e9treault violoncelliste","isPartOf":{"@id":"https:\/\/stephanetetreault.com\/fr\/#website"},"primaryImageOfPage":{"@id":"https:\/\/stephanetetreault.com\/fr\/projects\/claude-debussy-images-oubliees\/#primaryimage"},"image":{"@id":"https:\/\/stephanetetreault.com\/fr\/projects\/claude-debussy-images-oubliees\/#primaryimage"},"thumbnailUrl":"https:\/\/stephanetetreault.com\/wp-content\/uploads\/2020\/09\/Stephane-Olivier.jpg","datePublished":"2020-09-30T01:59:57+00:00","dateModified":"2022-09-22T15:27:09+00:00","description":"St\u00e9phane T\u00e9treault et le pianiste Olivier H\u00e9bert-Bouchard vous proposent une r\u00e9trospective tout en musique sur la vie de Claude Debussy!","breadcrumb":{"@id":"https:\/\/stephanetetreault.com\/fr\/projects\/claude-debussy-images-oubliees\/#breadcrumb"},"inLanguage":"fr-FR","potentialAction":[{"@type":"ReadAction","target":["https:\/\/stephanetetreault.com\/fr\/projects\/claude-debussy-images-oubliees\/"]}]},{"@type":"ImageObject","inLanguage":"fr-FR","@id":"https:\/\/stephanetetreault.com\/fr\/projects\/claude-debussy-images-oubliees\/#primaryimage","url":"https:\/\/stephanetetreault.com\/wp-content\/uploads\/2020\/09\/Stephane-Olivier.jpg","contentUrl":"https:\/\/stephanetetreault.com\/wp-content\/uploads\/2020\/09\/Stephane-Olivier.jpg","width":1920,"height":1080},{"@type":"BreadcrumbList","@id":"https:\/\/stephanetetreault.com\/fr\/projects\/claude-debussy-images-oubliees\/#breadcrumb","itemListElement":[{"@type":"ListItem","position":1,"name":"Home","item":"https:\/\/stephanetetreault.com\/fr\/"},{"@type":"ListItem","position":2,"name":"Projects","item":"https:\/\/stephanetetreault.com\/fr\/projects\/"},{"@type":"ListItem","position":3,"name":"Claude Debussy : Images oubli\u00e9es"}]},{"@type":"WebSite","@id":"https:\/\/stephanetetreault.com\/fr\/#website","url":"https:\/\/stephanetetreault.com\/fr\/","name":"St\u00e9phane T\u00e9treault violoncelliste","description":"Violoncelliste canadien St\u00e9phane T\u00e9treault","publisher":{"@id":"https:\/\/stephanetetreault.com\/fr\/#organization"},"potentialAction":[{"@type":"SearchAction","target":{"@type":"EntryPoint","urlTemplate":"https:\/\/stephanetetreault.com\/fr\/?s={search_term_string}"},"query-input":{"@type":"PropertyValueSpecification","valueRequired":true,"valueName":"search_term_string"}}],"inLanguage":"fr-FR"},{"@type":"Organization","@id":"https:\/\/stephanetetreault.com\/fr\/#organization","name":"Stephane Tetreault","url":"https:\/\/stephanetetreault.com\/fr\/","logo":{"@type":"ImageObject","inLanguage":"fr-FR","@id":"https:\/\/stephanetetreault.com\/fr\/#\/schema\/logo\/image\/","url":"https:\/\/stephanetetreault.com\/wp-content\/uploads\/2017\/06\/cropped-favicon_2.png","contentUrl":"https:\/\/stephanetetreault.com\/wp-content\/uploads\/2017\/06\/cropped-favicon_2.png","width":512,"height":512,"caption":"Stephane Tetreault"},"image":{"@id":"https:\/\/stephanetetreault.com\/fr\/#\/schema\/logo\/image\/"},"sameAs":["https:\/\/www.facebook.com\/stephanecello","https:\/\/x.com\/stephanecello","https:\/\/www.instagram.com\/stephanecello","https:\/\/www.youtube.com\/user\/CapriccioMusic\/"]}]}},"_links":{"self":[{"href":"https:\/\/stephanetetreault.com\/fr\/wp-json\/wp\/v2\/pages\/6173","targetHints":{"allow":["GET"]}}],"collection":[{"href":"https:\/\/stephanetetreault.com\/fr\/wp-json\/wp\/v2\/pages"}],"about":[{"href":"https:\/\/stephanetetreault.com\/fr\/wp-json\/wp\/v2\/types\/page"}],"author":[{"embeddable":true,"href":"https:\/\/stephanetetreault.com\/fr\/wp-json\/wp\/v2\/users\/3"}],"replies":[{"embeddable":true,"href":"https:\/\/stephanetetreault.com\/fr\/wp-json\/wp\/v2\/comments?post=6173"}],"version-history":[{"count":20,"href":"https:\/\/stephanetetreault.com\/fr\/wp-json\/wp\/v2\/pages\/6173\/revisions"}],"predecessor-version":[{"id":7569,"href":"https:\/\/stephanetetreault.com\/fr\/wp-json\/wp\/v2\/pages\/6173\/revisions\/7569"}],"up":[{"embeddable":true,"href":"https:\/\/stephanetetreault.com\/fr\/wp-json\/wp\/v2\/pages\/5110"}],"wp:featuredmedia":[{"embeddable":true,"href":"https:\/\/stephanetetreault.com\/fr\/wp-json\/wp\/v2\/media\/6178"}],"wp:attachment":[{"href":"https:\/\/stephanetetreault.com\/fr\/wp-json\/wp\/v2\/media?parent=6173"}],"curies":[{"name":"wp","href":"https:\/\/api.w.org\/{rel}","templated":true}]}}