{"id":6761,"date":"2017-06-09T01:30:08","date_gmt":"2017-06-09T01:30:08","guid":{"rendered":"https:\/\/stephanetetreault.com\/photo-gallery\/"},"modified":"2021-08-02T15:06:32","modified_gmt":"2021-08-02T15:06:32","slug":"photo-gallery","status":"publish","type":"page","link":"https:\/\/stephanetetreault.com\/fr\/photo-gallery\/","title":{"rendered":"Galerie photo"},"content":{"rendered":"<div class=\"wpb-content-wrapper\"><p>[vc_row full_width=\u00a0\u00bbstretch_row\u00a0\u00bb disable_element=\u00a0\u00bbyes\u00a0\u00bb css=\u00a0\u00bb.vc_custom_1627404229913{padding-top: 10% !important;padding-bottom: 10% !important;background-color: #f4f4f4 !important;}\u00a0\u00bb][vc_column]<div class=\"gallery--images-wrap-sc  \"><div class=\"gallery--grid images--grid grid-row mosaic--section \"><div class=\"mosaic--row\"><div class=\"mosaic mosaic-main\" style=\"background-image:url(https:\/\/stephanetetreault.com\/wp-content\/uploads\/2017\/06\/20080503-1935-1024x750.jpg)\"><a href=\"https:\/\/stephanetetreault.com\/wp-content\/uploads\/2017\/06\/20080503-1935.jpg\" class=\"permalink   g-item\" title=\"Mon professeur et mentor Yuli Turovsky\" data-group=\"gallery\"><\/a><\/div><div class=\"mosaic mosaic-two\" style=\"background-image:url(https:\/\/stephanetetreault.com\/wp-content\/uploads\/2017\/06\/Stephane-Gautier-2012-1024x683.jpg)\"><a href=\"https:\/\/stephanetetreault.com\/wp-content\/uploads\/2017\/06\/Stephane-Gautier-2012.jpg\" class=\"permalink   g-item\" title=\"R\u00e9v\u00e9lation Radio-Canada 2012 - Classe de ma\u00eetre avec le violoncelliste Gautier Capu\u00e7on\" data-group=\"gallery\"><\/a><\/div><div class=\"mosaic mosaic-two\" style=\"background-image:url(https:\/\/stephanetetreault.com\/wp-content\/uploads\/2017\/07\/527512_10151035945448204_1957218662_n.jpg)\"><a href=\"https:\/\/stephanetetreault.com\/wp-content\/uploads\/2017\/07\/527512_10151035945448204_1957218662_n.jpg\" class=\"permalink   g-item\" title=\"Mon premier CD avec l&#039;Orchestre symphonique de Qu\u00e9bec et maestro Fabien Gabel!\" data-group=\"gallery\"><\/a><\/div><\/div><div class=\"mosaic--row\"><div class=\"mosaic mosaic-two mosaic-narrow\" style=\"background-image:url(https:\/\/stephanetetreault.com\/wp-content\/uploads\/2020\/06\/ticket_London_Philharmonic.jpg)\"><a href=\"https:\/\/stephanetetreault.com\/wp-content\/uploads\/2020\/06\/ticket_London_Philharmonic.jpg\" class=\"permalink   g-item\" title=\"2018 London Philharmonic Orchestra d\u00e9but au c\u00e9lebre Brighton Doma avec maestro John Storgards\" data-group=\"gallery\"><\/a><\/div><div class=\"mosaic mosaic-two mosaic-big\" style=\"background-image:url(https:\/\/stephanetetreault.com\/wp-content\/uploads\/2018\/09\/30724192_10155243607928204_3134775984700127618_n.jpg)\"><a href=\"https:\/\/stephanetetreault.com\/wp-content\/uploads\/2018\/09\/30724192_10155243607928204_3134775984700127618_n.jpg\" class=\"permalink   g-item\" title=\"Mes d\u00e9buts avec le London Philharmonic Orchestra au Brighton Dome en compagnie de maestro John Storg\u00e5rds \u2014 un r\u00eave devint r\u00e9alit\u00e9!!\" data-group=\"gallery\"><\/a><\/div><\/div><div class=\"mosaic--row\"><div class=\"mosaic mosaic-main\" style=\"background-image:url(https:\/\/stephanetetreault.com\/wp-content\/uploads\/2017\/06\/Stephane-Gautier-Capucon-Gustavo-Dudamel-1024x707.jpg)\"><a href=\"https:\/\/stephanetetreault.com\/wp-content\/uploads\/2017\/06\/Stephane-Gautier-Capucon-Gustavo-Dudamel.jpg\" class=\"permalink   g-item\" title=\"Classe d&#039;excellence de violoncelle - Rencontre avec Gustavo Dudamel en route vers Beaune \" data-group=\"gallery\"><\/a><\/div><div class=\"mosaic mosaic-two\" style=\"background-image:url(https:\/\/stephanetetreault.com\/wp-content\/uploads\/2017\/06\/stephane-yannick-2.jpg)\"><a href=\"https:\/\/stephanetetreault.com\/wp-content\/uploads\/2017\/06\/stephane-yannick-2.jpg\" class=\"permalink   g-item\" title=\"Soliste en r\u00e9sidance avec l&#039;Orchestre M\u00e9tropolitain \u00e0 la Place-des-Arts avec Yannick Neset-Seguin lors du lancement de la saison 2014-2015 \/ @Francois Goupil\" data-group=\"gallery\"><\/a><\/div><div class=\"mosaic mosaic-two\" style=\"background-image:url(https:\/\/stephanetetreault.com\/wp-content\/uploads\/2017\/06\/ticket_Philadelphia.jpg)\"><a href=\"https:\/\/stephanetetreault.com\/wp-content\/uploads\/2017\/06\/ticket_Philadelphia.jpg\" class=\"permalink   g-item\" title=\"Mes d\u00e9buts avec le Philadelphia Orchestra\" data-group=\"gallery\"><\/a><\/div><\/div><div class=\"mosaic--row\"><div class=\"mosaic mosaic-two mosaic-narrow\" style=\"background-image:url(https:\/\/stephanetetreault.com\/wp-content\/uploads\/2017\/11\/Marie-Nicole-Lemieux-Stephane-Tetreault.jpg)\"><a href=\"https:\/\/stephanetetreault.com\/wp-content\/uploads\/2017\/11\/Marie-Nicole-Lemieux-Stephane-Tetreault.jpg\" class=\"permalink   g-item\" title=\"La Tourn\u00e9e Europeenne avec l&#039;Orchestre M\u00e9tropolitain en Marie-Nicole Lemieux en 2017\" data-group=\"gallery\"><\/a><\/div><div class=\"mosaic mosaic-two mosaic-big\" style=\"background-image:url(https:\/\/stephanetetreault.com\/wp-content\/uploads\/2017\/06\/1074810_10151507313713204_484655964_o-1024x683.jpg)\"><a href=\"https:\/\/stephanetetreault.com\/wp-content\/uploads\/2017\/06\/1074810_10151507313713204_484655964_o.jpg\" class=\"permalink   g-item\" title=\"Piano des villes - Maison des JMC\" data-group=\"gallery\"><\/a><\/div><\/div><div class=\"mosaic--row\"><div class=\"mosaic mosaic-main\" style=\"background-image:url(https:\/\/stephanetetreault.com\/wp-content\/uploads\/2017\/06\/stephane_francoise-1024x683.jpg)\"><a href=\"https:\/\/stephanetetreault.com\/wp-content\/uploads\/2017\/06\/stephane_francoise.jpg\" class=\"permalink   g-item\" title=\"En conversation avec ma marraine, la jousnaliste Fran\u00e7oise Davoine\" data-group=\"gallery\"><\/a><\/div><div class=\"mosaic mosaic-two\" style=\"background-image:url(https:\/\/stephanetetreault.com\/wp-content\/uploads\/2017\/07\/264738_10150215021248204_6360711_n.jpg)\"><a href=\"https:\/\/stephanetetreault.com\/wp-content\/uploads\/2017\/07\/264738_10150215021248204_6360711_n.jpg\" class=\"permalink   g-item\" title=\"Le Concours Tcha\u00efkovski 2011 \u00e0 Moscou\" data-group=\"gallery\"><\/a><\/div><div class=\"mosaic mosaic-two\" style=\"background-image:url(https:\/\/stephanetetreault.com\/wp-content\/uploads\/2017\/07\/252680_10150879218743204_1593226805_n.jpg)\"><a href=\"https:\/\/stephanetetreault.com\/wp-content\/uploads\/2017\/07\/252680_10150879218743204_1593226805_n.jpg\" class=\"permalink   g-item\" title=\"Avec Fran\u00e7oise Davoine - R\u00e9v\u00e9lation Radio-Canada 2011-2012\" data-group=\"gallery\"><\/a><\/div><\/div><div class=\"mosaic--row\"><div class=\"mosaic mosaic-two mosaic-narrow\" style=\"background-image:url(https:\/\/stephanetetreault.com\/wp-content\/uploads\/2021\/07\/66506549_10214302056641747_580686334402756608_n-1024x768.jpg)\"><a href=\"https:\/\/stephanetetreault.com\/wp-content\/uploads\/2021\/07\/66506549_10214302056641747_580686334402756608_n.jpg\" class=\"permalink   g-item\" title=\"Avec maestro Nicolas Ellis et le directeur musical du Festival de Lanaudi\u00e8re Renaud Loranger apr\u00e8s avoir interpr\u00e9t\u00e9 le concerto de Chostakovitch avec l&#039;Orchestre M\u00e9tropolitain\" data-group=\"gallery\"><\/a><\/div><div class=\"mosaic mosaic-two mosaic-big\" style=\"background-image:url(https:\/\/stephanetetreault.com\/wp-content\/uploads\/2021\/07\/Kensho-Watanabe2-833x1024.jpg)\"><a href=\"https:\/\/stephanetetreault.com\/wp-content\/uploads\/2021\/07\/Kensho-Watanabe2.jpg\" class=\"permalink   g-item\" title=\"Match des Canadiens avec mon bon ami et grand chef d&#039;orchestre Kensho Watanabe! Go Habs Go!\" data-group=\"gallery\"><\/a><\/div><\/div><div class=\"mosaic--row\"><div class=\"mosaic mosaic-main\" style=\"background-image:url(https:\/\/stephanetetreault.com\/wp-content\/uploads\/2021\/07\/54519902_10155928589128204_3131082625377107968_n-1024x1024.jpg)\"><a href=\"https:\/\/stephanetetreault.com\/wp-content\/uploads\/2021\/07\/54519902_10155928589128204_3131082625377107968_n.jpg\" class=\"permalink   g-item\" title=\" Toujours amusant d&#039;aller \u00e0 un match de hockey avec une merveilleuse amie comme la g\u00e9niale altiste Elvira Misbakhova!\" data-group=\"gallery\"><\/a><\/div><div class=\"mosaic mosaic-two\" style=\"background-image:url(https:\/\/stephanetetreault.com\/wp-content\/uploads\/2021\/07\/Anne-Marie-Trahan-1024x683.jpg)\"><a href=\"https:\/\/stephanetetreault.com\/wp-content\/uploads\/2021\/07\/Anne-Marie-Trahan.jpg\" class=\"permalink   g-item\" title=\"Toujours un immense plaisir de passer du temps avec ma ch\u00e8re amie, la juge Anne-Marie-Trahan !\" data-group=\"gallery\"><\/a><\/div><div class=\"mosaic mosaic-two\" style=\"background-image:url(https:\/\/stephanetetreault.com\/wp-content\/uploads\/2021\/07\/Isabelle-Boulay-1024x1024.jpg)\"><a href=\"https:\/\/stephanetetreault.com\/wp-content\/uploads\/2021\/07\/Isabelle-Boulay.jpg\" class=\"permalink   g-item\" title=\"Avec la fabuleuse Isabelle Boulay \u00e0 l&#039;\u00e9mission \u00ab En direct de l&#039;univers \u00bb de Radio-Canada\" data-group=\"gallery\"><\/a><\/div><\/div><div class=\"mosaic--row\"><div class=\"mosaic mosaic-two mosaic-narrow\" style=\"background-image:url(https:\/\/stephanetetreault.com\/wp-content\/uploads\/2021\/07\/18238477_10154463404081156_4396061280237277440_o-1024x683.jpg)\"><a href=\"https:\/\/stephanetetreault.com\/wp-content\/uploads\/2021\/07\/18238477_10154463404081156_4396061280237277440_o.jpg\" class=\"permalink   g-item\" title=\" Gala-b\u00e9n\u00e9fice 2017 de l&#039;Orchestre M\u00e9tropolitain avec Yannick N\u00e9zet-S\u00e9guin - Photo : Isabelle Jett\u00e9\" data-group=\"gallery\"><\/a><\/div><div class=\"mosaic mosaic-two mosaic-big\" style=\"background-image:url(https:\/\/stephanetetreault.com\/wp-content\/uploads\/2021\/07\/Gala-Talent-2018-682x1024.jpg)\"><a href=\"https:\/\/stephanetetreault.com\/wp-content\/uploads\/2021\/07\/Gala-Talent-2018.jpg\" class=\"permalink   g-item\" title=\"Avec ma belle complice, Marie-\u00c8ve Scarfone au Gala des Talents 2018 de l&#039;Atelier lyrique de l&#039;Op\u00e9ra de Montr\u00e9al! (Photo: K\u00e9vin Calixte)\" data-group=\"gallery\"><\/a><\/div><\/div><\/div><\/div><div class=\"clear\"><\/div>[\/vc_column][\/vc_row][vc_row full_width=\u00a0\u00bbstretch_row\u00a0\u00bb css=\u00a0\u00bb.vc_custom_1627404220763{padding-top: 10% !important;padding-bottom: 10% !important;background-color: #f4f4f4 !important;}\u00a0\u00bb][vc_column]<div class=\"gallery--albums-wrap-sc  \"><div class=\"gallery--grid grid-row mosaic--section \"><div class=\"mosaic--row\"><div class=\"mosaic mosaic-main\" style=\"background-image:url(https:\/\/stephanetetreault.com\/wp-content\/uploads\/2017\/06\/20080503-1935-1024x750.jpg)\"><a href=\"https:\/\/stephanetetreault.com\/fr\/gallery\/hors-scene\/\" class=\"anim--reveal permalink\"><h2 class=\"gallery--title\">Hors sc\u00e8ne<\/h2><span class=\"gallery--date\"><span>27 juin 2021<\/span><\/span><div class=\"shade\"><\/div><\/a><\/div><div class=\"mosaic mosaic-two\" style=\"background-image:url(https:\/\/stephanetetreault.com\/wp-content\/uploads\/2020\/06\/amsterdam-1024x683.jpg)\"><a href=\"https:\/\/stephanetetreault.com\/fr\/gallery\/on-stage\/\" class=\"anim--reveal permalink\"><h2 class=\"gallery--title\">Sur sc\u00e8ne<\/h2><span class=\"gallery--date\"><span>8 juillet 2020<\/span><\/span><div class=\"shade\"><\/div><\/a><\/div><div class=\"mosaic mosaic-two\" style=\"background-image:url(https:\/\/stephanetetreault.com\/wp-content\/uploads\/2022\/02\/Stephane-Tetreault2022_V3-1024x576.jpg)\"><a href=\"https:\/\/stephanetetreault.com\/fr\/gallery\/portraits\/\" class=\"anim--reveal permalink\"><h2 class=\"gallery--title\">Portraits<\/h2><span class=\"gallery--date\"><span>23 juillet 2019<\/span><\/span><div class=\"shade\"><\/div><\/a><\/div><\/div><\/div><\/div><div class=\"clear\"><\/div>[\/vc_column][\/vc_row]<\/p>\n<\/div>","protected":false},"excerpt":{"rendered":"[vc_row full_width=\"stretch_row\" disable_element=\"yes\" css=\".vc_custom_1627404229913{padding-top: 10% !important;padding-bottom: 10% !important;background-color: #f4f4f4 !important;}\"][vc_column][\/vc_column][\/vc_row][vc_row full_width=\"stretch_row\" css=\".vc_custom_1627404220763{padding-top: 10% !important;padding-bottom: 10% !important;background-color: #f4f4f4 !important;}\"][vc_column]Hors sc\u00e8ne27 juin 2021Sur sc\u00e8ne8 juillet 2020Portraits23 juillet 2019[\/vc_column][\/vc_row]","protected":false},"author":3,"featured_media":0,"parent":0,"menu_order":0,"comment_status":"closed","ping_status":"closed","template":"","meta":{"inline_featured_image":false,"footnotes":""},"class_list":["post-6761","page","type-page","status-publish","hentry"],"yoast_head":"<!-- This site is optimized with the Yoast SEO plugin v27.2 - https:\/\/yoast.com\/product\/yoast-seo-wordpress\/ -->\n<title>Galerie photo - St\u00e9phane T\u00e9treault violoncelliste<\/title>\n<meta name=\"robots\" content=\"index, follow, max-snippet:-1, max-image-preview:large, max-video-preview:-1\" \/>\n<link rel=\"canonical\" href=\"https:\/\/stephanetetreault.com\/fr\/photo-gallery\/\" \/>\n<meta property=\"og:locale\" content=\"fr_FR\" \/>\n<meta property=\"og:type\" content=\"article\" \/>\n<meta property=\"og:title\" content=\"Galerie photo - St\u00e9phane T\u00e9treault violoncelliste\" \/>\n<meta property=\"og:url\" content=\"https:\/\/stephanetetreault.com\/fr\/photo-gallery\/\" \/>\n<meta property=\"og:site_name\" content=\"St\u00e9phane T\u00e9treault violoncelliste\" \/>\n<meta property=\"article:publisher\" content=\"https:\/\/www.facebook.com\/stephanecello\" \/>\n<meta property=\"article:modified_time\" content=\"2021-08-02T15:06:32+00:00\" \/>\n<meta name=\"twitter:card\" content=\"summary_large_image\" \/>\n<meta name=\"twitter:site\" content=\"@stephanecello\" \/>\n<meta name=\"twitter:label1\" content=\"Dur\u00e9e de lecture estim\u00e9e\" \/>\n\t<meta name=\"twitter:data1\" content=\"1 minute\" \/>\n<script type=\"application\/ld+json\" class=\"yoast-schema-graph\">{\"@context\":\"https:\/\/schema.org\",\"@graph\":[{\"@type\":\"WebPage\",\"@id\":\"https:\/\/stephanetetreault.com\/fr\/photo-gallery\/\",\"url\":\"https:\/\/stephanetetreault.com\/fr\/photo-gallery\/\",\"name\":\"Galerie photo - St\u00e9phane T\u00e9treault violoncelliste\",\"isPartOf\":{\"@id\":\"https:\/\/stephanetetreault.com\/fr\/#website\"},\"datePublished\":\"2017-06-09T01:30:08+00:00\",\"dateModified\":\"2021-08-02T15:06:32+00:00\",\"breadcrumb\":{\"@id\":\"https:\/\/stephanetetreault.com\/fr\/photo-gallery\/#breadcrumb\"},\"inLanguage\":\"fr-FR\",\"potentialAction\":[{\"@type\":\"ReadAction\",\"target\":[\"https:\/\/stephanetetreault.com\/fr\/photo-gallery\/\"]}]},{\"@type\":\"BreadcrumbList\",\"@id\":\"https:\/\/stephanetetreault.com\/fr\/photo-gallery\/#breadcrumb\",\"itemListElement\":[{\"@type\":\"ListItem\",\"position\":1,\"name\":\"Home\",\"item\":\"https:\/\/stephanetetreault.com\/fr\/\"},{\"@type\":\"ListItem\",\"position\":2,\"name\":\"Galerie photo\"}]},{\"@type\":\"WebSite\",\"@id\":\"https:\/\/stephanetetreault.com\/fr\/#website\",\"url\":\"https:\/\/stephanetetreault.com\/fr\/\",\"name\":\"St\u00e9phane T\u00e9treault violoncelliste\",\"description\":\"Violoncelliste canadien St\u00e9phane T\u00e9treault\",\"publisher\":{\"@id\":\"https:\/\/stephanetetreault.com\/fr\/#organization\"},\"potentialAction\":[{\"@type\":\"SearchAction\",\"target\":{\"@type\":\"EntryPoint\",\"urlTemplate\":\"https:\/\/stephanetetreault.com\/fr\/?s={search_term_string}\"},\"query-input\":{\"@type\":\"PropertyValueSpecification\",\"valueRequired\":true,\"valueName\":\"search_term_string\"}}],\"inLanguage\":\"fr-FR\"},{\"@type\":\"Organization\",\"@id\":\"https:\/\/stephanetetreault.com\/fr\/#organization\",\"name\":\"Stephane Tetreault\",\"url\":\"https:\/\/stephanetetreault.com\/fr\/\",\"logo\":{\"@type\":\"ImageObject\",\"inLanguage\":\"fr-FR\",\"@id\":\"https:\/\/stephanetetreault.com\/fr\/#\/schema\/logo\/image\/\",\"url\":\"https:\/\/stephanetetreault.com\/wp-content\/uploads\/2017\/06\/cropped-favicon_2.png\",\"contentUrl\":\"https:\/\/stephanetetreault.com\/wp-content\/uploads\/2017\/06\/cropped-favicon_2.png\",\"width\":512,\"height\":512,\"caption\":\"Stephane Tetreault\"},\"image\":{\"@id\":\"https:\/\/stephanetetreault.com\/fr\/#\/schema\/logo\/image\/\"},\"sameAs\":[\"https:\/\/www.facebook.com\/stephanecello\",\"https:\/\/x.com\/stephanecello\",\"https:\/\/www.instagram.com\/stephanecello\",\"https:\/\/www.youtube.com\/user\/CapriccioMusic\/\"]}]}<\/script>\n<!-- \/ Yoast SEO plugin. -->","yoast_head_json":{"title":"Galerie photo - St\u00e9phane T\u00e9treault violoncelliste","robots":{"index":"index","follow":"follow","max-snippet":"max-snippet:-1","max-image-preview":"max-image-preview:large","max-video-preview":"max-video-preview:-1"},"canonical":"https:\/\/stephanetetreault.com\/fr\/photo-gallery\/","og_locale":"fr_FR","og_type":"article","og_title":"Galerie photo - St\u00e9phane T\u00e9treault violoncelliste","og_url":"https:\/\/stephanetetreault.com\/fr\/photo-gallery\/","og_site_name":"St\u00e9phane T\u00e9treault violoncelliste","article_publisher":"https:\/\/www.facebook.com\/stephanecello","article_modified_time":"2021-08-02T15:06:32+00:00","twitter_card":"summary_large_image","twitter_site":"@stephanecello","twitter_misc":{"Dur\u00e9e de lecture estim\u00e9e":"1 minute"},"schema":{"@context":"https:\/\/schema.org","@graph":[{"@type":"WebPage","@id":"https:\/\/stephanetetreault.com\/fr\/photo-gallery\/","url":"https:\/\/stephanetetreault.com\/fr\/photo-gallery\/","name":"Galerie photo - St\u00e9phane T\u00e9treault violoncelliste","isPartOf":{"@id":"https:\/\/stephanetetreault.com\/fr\/#website"},"datePublished":"2017-06-09T01:30:08+00:00","dateModified":"2021-08-02T15:06:32+00:00","breadcrumb":{"@id":"https:\/\/stephanetetreault.com\/fr\/photo-gallery\/#breadcrumb"},"inLanguage":"fr-FR","potentialAction":[{"@type":"ReadAction","target":["https:\/\/stephanetetreault.com\/fr\/photo-gallery\/"]}]},{"@type":"BreadcrumbList","@id":"https:\/\/stephanetetreault.com\/fr\/photo-gallery\/#breadcrumb","itemListElement":[{"@type":"ListItem","position":1,"name":"Home","item":"https:\/\/stephanetetreault.com\/fr\/"},{"@type":"ListItem","position":2,"name":"Galerie photo"}]},{"@type":"WebSite","@id":"https:\/\/stephanetetreault.com\/fr\/#website","url":"https:\/\/stephanetetreault.com\/fr\/","name":"St\u00e9phane T\u00e9treault violoncelliste","description":"Violoncelliste canadien St\u00e9phane T\u00e9treault","publisher":{"@id":"https:\/\/stephanetetreault.com\/fr\/#organization"},"potentialAction":[{"@type":"SearchAction","target":{"@type":"EntryPoint","urlTemplate":"https:\/\/stephanetetreault.com\/fr\/?s={search_term_string}"},"query-input":{"@type":"PropertyValueSpecification","valueRequired":true,"valueName":"search_term_string"}}],"inLanguage":"fr-FR"},{"@type":"Organization","@id":"https:\/\/stephanetetreault.com\/fr\/#organization","name":"Stephane Tetreault","url":"https:\/\/stephanetetreault.com\/fr\/","logo":{"@type":"ImageObject","inLanguage":"fr-FR","@id":"https:\/\/stephanetetreault.com\/fr\/#\/schema\/logo\/image\/","url":"https:\/\/stephanetetreault.com\/wp-content\/uploads\/2017\/06\/cropped-favicon_2.png","contentUrl":"https:\/\/stephanetetreault.com\/wp-content\/uploads\/2017\/06\/cropped-favicon_2.png","width":512,"height":512,"caption":"Stephane Tetreault"},"image":{"@id":"https:\/\/stephanetetreault.com\/fr\/#\/schema\/logo\/image\/"},"sameAs":["https:\/\/www.facebook.com\/stephanecello","https:\/\/x.com\/stephanecello","https:\/\/www.instagram.com\/stephanecello","https:\/\/www.youtube.com\/user\/CapriccioMusic\/"]}]}},"_links":{"self":[{"href":"https:\/\/stephanetetreault.com\/fr\/wp-json\/wp\/v2\/pages\/6761","targetHints":{"allow":["GET"]}}],"collection":[{"href":"https:\/\/stephanetetreault.com\/fr\/wp-json\/wp\/v2\/pages"}],"about":[{"href":"https:\/\/stephanetetreault.com\/fr\/wp-json\/wp\/v2\/types\/page"}],"author":[{"embeddable":true,"href":"https:\/\/stephanetetreault.com\/fr\/wp-json\/wp\/v2\/users\/3"}],"replies":[{"embeddable":true,"href":"https:\/\/stephanetetreault.com\/fr\/wp-json\/wp\/v2\/comments?post=6761"}],"version-history":[{"count":5,"href":"https:\/\/stephanetetreault.com\/fr\/wp-json\/wp\/v2\/pages\/6761\/revisions"}],"predecessor-version":[{"id":6813,"href":"https:\/\/stephanetetreault.com\/fr\/wp-json\/wp\/v2\/pages\/6761\/revisions\/6813"}],"wp:attachment":[{"href":"https:\/\/stephanetetreault.com\/fr\/wp-json\/wp\/v2\/media?parent=6761"}],"curies":[{"name":"wp","href":"https:\/\/api.w.org\/{rel}","templated":true}]}}