{"id":8356,"date":"2024-08-29T14:14:00","date_gmt":"2024-08-29T14:14:00","guid":{"rendered":"https:\/\/stephanetetreault.com\/projects\/suite-tango-copy\/"},"modified":"2025-07-07T15:37:53","modified_gmt":"2025-07-07T15:37:53","slug":"stradivatango","status":"publish","type":"page","link":"https:\/\/stephanetetreault.com\/fr\/projects\/stradivatango\/","title":{"rendered":"Stradivatango"},"content":{"rendered":"<div class=\"wpb-content-wrapper\"><p>[vc_row full_width=\u00a0\u00bbstretch_row\u00a0\u00bb content_width=\u00a0\u00bbnarrow\u00a0\u00bb css=\u00a0\u00bb.vc_custom_1619043287062{padding-top: 10% !important;padding-bottom: 5% !important;background-color: #f9f9f9 !important;background-position: center !important;background-repeat: no-repeat !important;background-size: cover !important;}\u00a0\u00bb][vc_column][vc_column_text css=\u00a0\u00bb\u00a0\u00bb]<\/p>\n<h4>Le projet Stradivatango r\u00e9unit deux artistes canadiens exceptionnels : St\u00e9phane T\u00e9treault, reconnu comme l\u2019enfant prodige du violoncelle, et Denis Plante, figure incontournable du bandon\u00e9on au Canada.<\/h4>\n<p>Ensemble, ils explorent l\u2019univers du tango avec une passion et une virtuosit\u00e9 in\u00e9gal\u00e9es. Leur r\u00e9pertoire se compose de classiques du tango argentin ainsi que d\u2019\u0153uvres sp\u00e9cialement compos\u00e9es pour leur duo unique. Leurs performances alternent entre des moments intimistes et des passages explosifs, capturant toute la richesse \u00e9motionnelle du tango, de sa m\u00e9lancolie envo\u00fbtante \u00e0 son \u00e9nergie effervescente. Leurs interpr\u00e9tations sont marqu\u00e9es par une qu\u00eate constante de l\u2019authenticit\u00e9 et de la cr\u00e9ativit\u00e9, offrant au public une exp\u00e9rience musicale aussi profonde qu&rsquo;inoubliable.[\/vc_column_text][vc_separator style=\u00a0\u00bbdashed\u00a0\u00bb][vc_column_text css=\u00a0\u00bb\u00a0\u00bb]<strong>Pour plus d&rsquo;information et booking:<\/strong><br \/>\nGinette Ravary<br \/>\n+1 (514) 388-6442<br \/>\n<strong><a href=\"mailto:ginette@stephanetetreault.com\">ginette@stephanetetreault.com<\/a><\/strong><\/p>\n<p>Alain T\u00e9trault (assistant)<br \/>\n+1 (514) 388-6442<br \/>\n<strong><a href=\"mailto:alain@stephanetetreault.com\">alain@stephanetetreault.com<\/a><\/strong>[\/vc_column_text][\/vc_column][\/vc_row][vc_section full_width=\u00a0\u00bbstretch_row\u00a0\u00bb el_id=\u00a0\u00bbblack-bg\u00a0\u00bb css=\u00a0\u00bb.vc_custom_1672594723016{background-color: #1a1b1c !important;}\u00a0\u00bb][vc_row full_width=\u00a0\u00bbstretch_row\u00a0\u00bb content_width=\u00a0\u00bbnarrow\u00a0\u00bb css=\u00a0\u00bb.vc_custom_1552357315043{padding-top: 0px !important;padding-bottom: 10% !important;}\u00a0\u00bb][vc_column]<div class=\"single-video--wrap single--media \"><a href=\"https:\/\/www.youtube.com\/watch?v=u-RFGFQbbhU\" class=\"video-sc anim--reveal permalink iframebox\"><img decoding=\"async\" class=\"videos--image\" src=\"https:\/\/stephanetetreault.com\/wp-content\/uploads\/2024\/12\/prince-1-1024x576.jpg\" alt=\"Post image\"><h2 class=\"videos--title\">Denis Plante &#8211; Le prince \u00e9carlate<\/h2><span class=\"videos--play-layer\"><span class=\"icon icon-play\"><\/span><\/span><\/a><\/div>[\/vc_column][\/vc_row][\/vc_section][vc_section full_width=\u00a0\u00bbstretch_row\u00a0\u00bb parallax=\u00a0\u00bbcontent-moving\u00a0\u00bb css=\u00a0\u00bb.vc_custom_1718918929615{margin-top: 0% !important;margin-bottom: 0% !important;padding-top: 10% !important;padding-bottom: 5% !important;background-color: #f9f9f9 !important;}\u00a0\u00bb][vc_row][vc_column]<div class=\"videos--wrap-sc  \"><div class=\"videos--grid grid-row mosaic--section grid-row-pad\"><div class=\"grid--item item-anim anim-fadeup grid-4 grid-tablet-6 grid-mobile-6\"><a href=\"https:\/\/www.youtube.com\/watch?v=VVehkyb2QMY\" class=\"video-sc anim--reveal permalink iframebox\"><img decoding=\"async\" class=\"videos--image\" src=\"https:\/\/stephanetetreault.com\/wp-content\/uploads\/2024\/06\/Suite_Tango_V2-440x300.jpg\" alt=\"Post image\"><h2 class=\"videos--title\">Carlos Gardel &#8211; Por una Cabeza<\/h2><span class=\"videos--play-layer\"><span class=\"icon icon-play\"><\/span><\/span><\/a><\/div><div class=\"grid--item item-anim anim-fadeup grid-4 grid-tablet-6 grid-mobile-6\"><a href=\"https:\/\/www.youtube.com\/watch?v=eypKMUTsrwQ\" class=\"video-sc anim--reveal permalink iframebox\"><img decoding=\"async\" class=\"videos--image\" src=\"https:\/\/stephanetetreault.com\/wp-content\/uploads\/2024\/06\/Suite-Tango-440x300.jpg\" alt=\"Post image\"><h2 class=\"videos--title\">Astor Piazzolla &#8211; Oblivion<\/h2><span class=\"videos--play-layer\"><span class=\"icon icon-play\"><\/span><\/span><\/a><\/div><div class=\"grid--item item-anim anim-fadeup grid-4 grid-tablet-6 grid-mobile-6\"><a href=\"https:\/\/www.youtube.com\/watch?v=s7osPm35JSY\" class=\"video-sc anim--reveal permalink iframebox\"><img decoding=\"async\" class=\"videos--image\" src=\"https:\/\/stephanetetreault.com\/wp-content\/uploads\/2024\/09\/AdiosNonino-440x300.jpg\" alt=\"Post image\"><h2 class=\"videos--title\">Astor Piazzolla &#8211; Adios Nonino<\/h2><span class=\"videos--play-layer\"><span class=\"icon icon-play\"><\/span><\/span><\/a><\/div><\/div><\/div><div class=\"clear\"><\/div>[\/vc_column][\/vc_row][\/vc_section][vc_section full_width=\u00a0\u00bbstretch_row\u00a0\u00bb parallax=\u00a0\u00bbcontent-moving\u00a0\u00bb css=\u00a0\u00bb.vc_custom_1557068633189{margin-top: 0% !important;margin-bottom: 0% !important;padding-top: 0% !important;padding-bottom: 0% !important;}\u00a0\u00bb][vc_row full_width=\u00a0\u00bbstretch_row\u00a0\u00bb css=\u00a0\u00bb.vc_custom_1557068617111{padding-top: 10% !important;padding-bottom: 10% !important;}\u00a0\u00bb][vc_column width=\u00a0\u00bb1\/4&Prime;][vc_column_text css=\u00a0\u00bb\u00a0\u00bb]<a href=\"https:\/\/stephanetetreault.com\/wp-content\/uploads\/2024\/09\/Strativatango_scenepro_Photo-Christian_Rouleau.zip\" target=\"_blank\" class=\"service--box  bg--light \"><div class='service--image'><div class='service--image-inner'><img decoding=\"async\" src=\"https:\/\/stephanetetreault.com\/wp-content\/uploads\/2019\/03\/photo_icon_project.png\" alt=\"service image\" style=\"width:100px;height:80px;\"><\/div><\/div><div class='service--text'><strong>Photo haute r\u00e9solution<\/strong><\/div><\/a>[\/vc_column_text][\/vc_column][vc_column width=\u00a0\u00bb1\/4&Prime;][vc_column_text]<a href=\"https:\/\/stephanetetreault.com\/wp-content\/uploads\/2022\/02\/Biographie-Suite-Tango.pdf\" target=\"_blank\" class=\"service--box  bg--light \"><div class='service--image'><div class='service--image-inner'><img decoding=\"async\" src=\"https:\/\/stephanetetreault.com\/wp-content\/uploads\/2019\/03\/bio_icon_project.png\" alt=\"service image\" style=\"width:90px;height:120px;\"><\/div><\/div><div class='service--text'><strong>Biographie<\/strong><\/div><\/a>[\/vc_column_text][\/vc_column][vc_column width=\u00a0\u00bb1\/4&Prime;][vc_column_text css=\u00a0\u00bb\u00a0\u00bb]<a href=\"https:\/\/stephanetetreault.com\/wp-content\/uploads\/2025\/07\/Fiche_technique_plan_de_scene_Stradivatango_2025-V2.pdf\" target=\"_blank\" class=\"service--box  bg--light \"><div class='service--image'><div class='service--image-inner'><img decoding=\"async\" src=\"https:\/\/stephanetetreault.com\/wp-content\/uploads\/2019\/03\/rider_icon_project.png\" alt=\"service image\" style=\"width:90px;height:120px;\"><\/div><\/div><div class='service--text'><strong>Fiche Technique<\/strong><\/div><\/a>[\/vc_column_text][\/vc_column][vc_column width=\u00a0\u00bb1\/4&Prime;][vc_column_text css=\u00a0\u00bb\u00a0\u00bb]<a href=\"https:\/\/stephanetetreault.com\/wp-content\/uploads\/2025\/07\/Dossier-de-presse-STRADIVATANGO-Web-2025.pdf\" target=\"_blank\" class=\"service--box  bg--light \"><div class='service--image'><div class='service--image-inner'><img decoding=\"async\" src=\"https:\/\/stephanetetreault.com\/wp-content\/uploads\/2019\/03\/rider_icon_project.png\" alt=\"service image\" style=\"width:90px;height:120px;\"><\/div><\/div><div class='service--text'><strong>Dossier de presse<\/strong><\/div><\/a>[\/vc_column_text][\/vc_column][\/vc_row][\/vc_section]<\/p>\n<\/div>","protected":false},"excerpt":{"rendered":"[vc_row full_width=\"stretch_row\" content_width=\"narrow\" css=\".vc_custom_1619043287062{padding-top: 10% !important;padding-bottom: 5% !important;background-color: #f9f9f9 !important;background-position: center !important;background-repeat: no-repeat !important;background-size: cover !important;}\"][vc_column][vc_column_text css=\"\"] Le projet Stradivatango r\u00e9unit deux artistes canadiens exceptionnels : St\u00e9phane T\u00e9treault, reconnu comme l\u2019enfant prodige du violoncelle, et Denis Plante, figure incontournable du bandon\u00e9on au Canada. Ensemble, ils explorent l\u2019univers du tango avec une passion et une virtuosit\u00e9 [...]","protected":false},"author":3,"featured_media":8363,"parent":5110,"menu_order":0,"comment_status":"closed","ping_status":"closed","template":"","meta":{"inline_featured_image":false,"footnotes":""},"class_list":["post-8356","page","type-page","status-publish","has-post-thumbnail","hentry"],"yoast_head":"<!-- This site is optimized with the Yoast SEO plugin v27.2 - https:\/\/yoast.com\/product\/yoast-seo-wordpress\/ -->\n<title>Stradivatango - St\u00e9phane T\u00e9treault violoncelliste<\/title>\n<meta name=\"description\" content=\"Le violoncelliste St\u00e9phane T\u00e9treault et le bandon\u00e9oniste Denis Plante font \u00e0 nouveau \u00e9quipe pour une incursion dans l\u2019univers sensuel du tango.\" \/>\n<meta name=\"robots\" content=\"index, follow, max-snippet:-1, max-image-preview:large, max-video-preview:-1\" \/>\n<link rel=\"canonical\" href=\"https:\/\/stephanetetreault.com\/fr\/projects\/stradivatango\/\" \/>\n<meta property=\"og:locale\" content=\"fr_FR\" \/>\n<meta property=\"og:type\" content=\"article\" \/>\n<meta property=\"og:title\" content=\"Stradivatango - St\u00e9phane T\u00e9treault violoncelliste\" \/>\n<meta property=\"og:description\" content=\"Le violoncelliste St\u00e9phane T\u00e9treault et le bandon\u00e9oniste Denis Plante font \u00e0 nouveau \u00e9quipe pour une incursion dans l\u2019univers sensuel du tango.\" \/>\n<meta property=\"og:url\" content=\"https:\/\/stephanetetreault.com\/fr\/projects\/stradivatango\/\" \/>\n<meta property=\"og:site_name\" content=\"St\u00e9phane T\u00e9treault violoncelliste\" \/>\n<meta property=\"article:publisher\" content=\"https:\/\/www.facebook.com\/stephanecello\" \/>\n<meta property=\"article:modified_time\" content=\"2025-07-07T15:37:53+00:00\" \/>\n<meta property=\"og:image\" content=\"https:\/\/stephanetetreault.com\/wp-content\/uploads\/2024\/09\/stradivatango.jpg\" \/>\n\t<meta property=\"og:image:width\" content=\"1920\" \/>\n\t<meta property=\"og:image:height\" content=\"1080\" \/>\n\t<meta property=\"og:image:type\" content=\"image\/jpeg\" \/>\n<meta name=\"twitter:card\" content=\"summary_large_image\" \/>\n<meta name=\"twitter:site\" content=\"@stephanecello\" \/>\n<meta name=\"twitter:label1\" content=\"Dur\u00e9e de lecture estim\u00e9e\" \/>\n\t<meta name=\"twitter:data1\" content=\"2 minutes\" \/>\n<script type=\"application\/ld+json\" class=\"yoast-schema-graph\">{\"@context\":\"https:\/\/schema.org\",\"@graph\":[{\"@type\":\"WebPage\",\"@id\":\"https:\/\/stephanetetreault.com\/fr\/projects\/stradivatango\/\",\"url\":\"https:\/\/stephanetetreault.com\/fr\/projects\/stradivatango\/\",\"name\":\"Stradivatango - St\u00e9phane T\u00e9treault violoncelliste\",\"isPartOf\":{\"@id\":\"https:\/\/stephanetetreault.com\/fr\/#website\"},\"primaryImageOfPage\":{\"@id\":\"https:\/\/stephanetetreault.com\/fr\/projects\/stradivatango\/#primaryimage\"},\"image\":{\"@id\":\"https:\/\/stephanetetreault.com\/fr\/projects\/stradivatango\/#primaryimage\"},\"thumbnailUrl\":\"https:\/\/stephanetetreault.com\/wp-content\/uploads\/2024\/09\/stradivatango.jpg\",\"datePublished\":\"2024-08-29T14:14:00+00:00\",\"dateModified\":\"2025-07-07T15:37:53+00:00\",\"description\":\"Le violoncelliste St\u00e9phane T\u00e9treault et le bandon\u00e9oniste Denis Plante font \u00e0 nouveau \u00e9quipe pour une incursion dans l\u2019univers sensuel du tango.\",\"breadcrumb\":{\"@id\":\"https:\/\/stephanetetreault.com\/fr\/projects\/stradivatango\/#breadcrumb\"},\"inLanguage\":\"fr-FR\",\"potentialAction\":[{\"@type\":\"ReadAction\",\"target\":[\"https:\/\/stephanetetreault.com\/fr\/projects\/stradivatango\/\"]}]},{\"@type\":\"ImageObject\",\"inLanguage\":\"fr-FR\",\"@id\":\"https:\/\/stephanetetreault.com\/fr\/projects\/stradivatango\/#primaryimage\",\"url\":\"https:\/\/stephanetetreault.com\/wp-content\/uploads\/2024\/09\/stradivatango.jpg\",\"contentUrl\":\"https:\/\/stephanetetreault.com\/wp-content\/uploads\/2024\/09\/stradivatango.jpg\",\"width\":1920,\"height\":1080},{\"@type\":\"BreadcrumbList\",\"@id\":\"https:\/\/stephanetetreault.com\/fr\/projects\/stradivatango\/#breadcrumb\",\"itemListElement\":[{\"@type\":\"ListItem\",\"position\":1,\"name\":\"Home\",\"item\":\"https:\/\/stephanetetreault.com\/fr\/\"},{\"@type\":\"ListItem\",\"position\":2,\"name\":\"Projects\",\"item\":\"https:\/\/stephanetetreault.com\/fr\/projects\/\"},{\"@type\":\"ListItem\",\"position\":3,\"name\":\"Stradivatango\"}]},{\"@type\":\"WebSite\",\"@id\":\"https:\/\/stephanetetreault.com\/fr\/#website\",\"url\":\"https:\/\/stephanetetreault.com\/fr\/\",\"name\":\"St\u00e9phane T\u00e9treault violoncelliste\",\"description\":\"Violoncelliste canadien St\u00e9phane T\u00e9treault\",\"publisher\":{\"@id\":\"https:\/\/stephanetetreault.com\/fr\/#organization\"},\"potentialAction\":[{\"@type\":\"SearchAction\",\"target\":{\"@type\":\"EntryPoint\",\"urlTemplate\":\"https:\/\/stephanetetreault.com\/fr\/?s={search_term_string}\"},\"query-input\":{\"@type\":\"PropertyValueSpecification\",\"valueRequired\":true,\"valueName\":\"search_term_string\"}}],\"inLanguage\":\"fr-FR\"},{\"@type\":\"Organization\",\"@id\":\"https:\/\/stephanetetreault.com\/fr\/#organization\",\"name\":\"Stephane Tetreault\",\"url\":\"https:\/\/stephanetetreault.com\/fr\/\",\"logo\":{\"@type\":\"ImageObject\",\"inLanguage\":\"fr-FR\",\"@id\":\"https:\/\/stephanetetreault.com\/fr\/#\/schema\/logo\/image\/\",\"url\":\"https:\/\/stephanetetreault.com\/wp-content\/uploads\/2017\/06\/cropped-favicon_2.png\",\"contentUrl\":\"https:\/\/stephanetetreault.com\/wp-content\/uploads\/2017\/06\/cropped-favicon_2.png\",\"width\":512,\"height\":512,\"caption\":\"Stephane Tetreault\"},\"image\":{\"@id\":\"https:\/\/stephanetetreault.com\/fr\/#\/schema\/logo\/image\/\"},\"sameAs\":[\"https:\/\/www.facebook.com\/stephanecello\",\"https:\/\/x.com\/stephanecello\",\"https:\/\/www.instagram.com\/stephanecello\",\"https:\/\/www.youtube.com\/user\/CapriccioMusic\/\"]}]}<\/script>\n<!-- \/ Yoast SEO plugin. -->","yoast_head_json":{"title":"Stradivatango - St\u00e9phane T\u00e9treault violoncelliste","description":"Le violoncelliste St\u00e9phane T\u00e9treault et le bandon\u00e9oniste Denis Plante font \u00e0 nouveau \u00e9quipe pour une incursion dans l\u2019univers sensuel du tango.","robots":{"index":"index","follow":"follow","max-snippet":"max-snippet:-1","max-image-preview":"max-image-preview:large","max-video-preview":"max-video-preview:-1"},"canonical":"https:\/\/stephanetetreault.com\/fr\/projects\/stradivatango\/","og_locale":"fr_FR","og_type":"article","og_title":"Stradivatango - St\u00e9phane T\u00e9treault violoncelliste","og_description":"Le violoncelliste St\u00e9phane T\u00e9treault et le bandon\u00e9oniste Denis Plante font \u00e0 nouveau \u00e9quipe pour une incursion dans l\u2019univers sensuel du tango.","og_url":"https:\/\/stephanetetreault.com\/fr\/projects\/stradivatango\/","og_site_name":"St\u00e9phane T\u00e9treault violoncelliste","article_publisher":"https:\/\/www.facebook.com\/stephanecello","article_modified_time":"2025-07-07T15:37:53+00:00","og_image":[{"width":1920,"height":1080,"url":"https:\/\/stephanetetreault.com\/wp-content\/uploads\/2024\/09\/stradivatango.jpg","type":"image\/jpeg"}],"twitter_card":"summary_large_image","twitter_site":"@stephanecello","twitter_misc":{"Dur\u00e9e de lecture estim\u00e9e":"2 minutes"},"schema":{"@context":"https:\/\/schema.org","@graph":[{"@type":"WebPage","@id":"https:\/\/stephanetetreault.com\/fr\/projects\/stradivatango\/","url":"https:\/\/stephanetetreault.com\/fr\/projects\/stradivatango\/","name":"Stradivatango - St\u00e9phane T\u00e9treault violoncelliste","isPartOf":{"@id":"https:\/\/stephanetetreault.com\/fr\/#website"},"primaryImageOfPage":{"@id":"https:\/\/stephanetetreault.com\/fr\/projects\/stradivatango\/#primaryimage"},"image":{"@id":"https:\/\/stephanetetreault.com\/fr\/projects\/stradivatango\/#primaryimage"},"thumbnailUrl":"https:\/\/stephanetetreault.com\/wp-content\/uploads\/2024\/09\/stradivatango.jpg","datePublished":"2024-08-29T14:14:00+00:00","dateModified":"2025-07-07T15:37:53+00:00","description":"Le violoncelliste St\u00e9phane T\u00e9treault et le bandon\u00e9oniste Denis Plante font \u00e0 nouveau \u00e9quipe pour une incursion dans l\u2019univers sensuel du tango.","breadcrumb":{"@id":"https:\/\/stephanetetreault.com\/fr\/projects\/stradivatango\/#breadcrumb"},"inLanguage":"fr-FR","potentialAction":[{"@type":"ReadAction","target":["https:\/\/stephanetetreault.com\/fr\/projects\/stradivatango\/"]}]},{"@type":"ImageObject","inLanguage":"fr-FR","@id":"https:\/\/stephanetetreault.com\/fr\/projects\/stradivatango\/#primaryimage","url":"https:\/\/stephanetetreault.com\/wp-content\/uploads\/2024\/09\/stradivatango.jpg","contentUrl":"https:\/\/stephanetetreault.com\/wp-content\/uploads\/2024\/09\/stradivatango.jpg","width":1920,"height":1080},{"@type":"BreadcrumbList","@id":"https:\/\/stephanetetreault.com\/fr\/projects\/stradivatango\/#breadcrumb","itemListElement":[{"@type":"ListItem","position":1,"name":"Home","item":"https:\/\/stephanetetreault.com\/fr\/"},{"@type":"ListItem","position":2,"name":"Projects","item":"https:\/\/stephanetetreault.com\/fr\/projects\/"},{"@type":"ListItem","position":3,"name":"Stradivatango"}]},{"@type":"WebSite","@id":"https:\/\/stephanetetreault.com\/fr\/#website","url":"https:\/\/stephanetetreault.com\/fr\/","name":"St\u00e9phane T\u00e9treault violoncelliste","description":"Violoncelliste canadien St\u00e9phane T\u00e9treault","publisher":{"@id":"https:\/\/stephanetetreault.com\/fr\/#organization"},"potentialAction":[{"@type":"SearchAction","target":{"@type":"EntryPoint","urlTemplate":"https:\/\/stephanetetreault.com\/fr\/?s={search_term_string}"},"query-input":{"@type":"PropertyValueSpecification","valueRequired":true,"valueName":"search_term_string"}}],"inLanguage":"fr-FR"},{"@type":"Organization","@id":"https:\/\/stephanetetreault.com\/fr\/#organization","name":"Stephane Tetreault","url":"https:\/\/stephanetetreault.com\/fr\/","logo":{"@type":"ImageObject","inLanguage":"fr-FR","@id":"https:\/\/stephanetetreault.com\/fr\/#\/schema\/logo\/image\/","url":"https:\/\/stephanetetreault.com\/wp-content\/uploads\/2017\/06\/cropped-favicon_2.png","contentUrl":"https:\/\/stephanetetreault.com\/wp-content\/uploads\/2017\/06\/cropped-favicon_2.png","width":512,"height":512,"caption":"Stephane Tetreault"},"image":{"@id":"https:\/\/stephanetetreault.com\/fr\/#\/schema\/logo\/image\/"},"sameAs":["https:\/\/www.facebook.com\/stephanecello","https:\/\/x.com\/stephanecello","https:\/\/www.instagram.com\/stephanecello","https:\/\/www.youtube.com\/user\/CapriccioMusic\/"]}]}},"_links":{"self":[{"href":"https:\/\/stephanetetreault.com\/fr\/wp-json\/wp\/v2\/pages\/8356","targetHints":{"allow":["GET"]}}],"collection":[{"href":"https:\/\/stephanetetreault.com\/fr\/wp-json\/wp\/v2\/pages"}],"about":[{"href":"https:\/\/stephanetetreault.com\/fr\/wp-json\/wp\/v2\/types\/page"}],"author":[{"embeddable":true,"href":"https:\/\/stephanetetreault.com\/fr\/wp-json\/wp\/v2\/users\/3"}],"replies":[{"embeddable":true,"href":"https:\/\/stephanetetreault.com\/fr\/wp-json\/wp\/v2\/comments?post=8356"}],"version-history":[{"count":9,"href":"https:\/\/stephanetetreault.com\/fr\/wp-json\/wp\/v2\/pages\/8356\/revisions"}],"predecessor-version":[{"id":8805,"href":"https:\/\/stephanetetreault.com\/fr\/wp-json\/wp\/v2\/pages\/8356\/revisions\/8805"}],"up":[{"embeddable":true,"href":"https:\/\/stephanetetreault.com\/fr\/wp-json\/wp\/v2\/pages\/5110"}],"wp:featuredmedia":[{"embeddable":true,"href":"https:\/\/stephanetetreault.com\/fr\/wp-json\/wp\/v2\/media\/8363"}],"wp:attachment":[{"href":"https:\/\/stephanetetreault.com\/fr\/wp-json\/wp\/v2\/media?parent=8356"}],"curies":[{"name":"wp","href":"https:\/\/api.w.org\/{rel}","templated":true}]}}